{"id":15584,"date":"2020-03-23T22:51:29","date_gmt":"2020-03-23T21:51:29","guid":{"rendered":"https:\/\/www.hotelsleepingbelle.com\/hotel\/"},"modified":"2025-12-10T11:14:50","modified_gmt":"2025-12-10T10:14:50","slug":"hotel","status":"publish","type":"page","link":"https:\/\/www.hotelsleepingbelle.com\/de\/","title":{"rendered":"HOTEL"},"content":{"rendered":"\t\t<div data-elementor-type=\"wp-page\" data-elementor-id=\"15584\" class=\"elementor elementor-15584 elementor-948\">\n\t\t\t\t\t\t<section class=\"elementor-section elementor-top-section elementor-element elementor-element-32ec20d elementor-section-full_width elementor-section-height-default elementor-section-height-default qodef-elementor-content-no\" data-id=\"32ec20d\" data-element_type=\"section\" data-settings=\"{&quot;background_background&quot;:&quot;classic&quot;}\">\n\t\t\t\t\t\t<div class=\"elementor-container elementor-column-gap-no\">\n\t\t\t\t\t<div class=\"elementor-column elementor-col-100 elementor-top-column elementor-element elementor-element-f1334ff\" data-id=\"f1334ff\" data-element_type=\"column\">\n\t\t\t<div class=\"elementor-widget-wrap\">\n\t\t\t\t\t\t\t<\/div>\n\t\t<\/div>\n\t\t\t\t\t<\/div>\n\t\t<\/section>\n\t\t\t\t<section class=\"elementor-section elementor-top-section elementor-element elementor-element-5e69034 elementor-section-stretched block-info-card elementor-section-full_width elementor-section-height-default elementor-section-height-default qodef-elementor-content-no\" data-id=\"5e69034\" data-element_type=\"section\" data-settings=\"{&quot;stretch_section&quot;:&quot;section-stretched&quot;}\">\n\t\t\t\t\t\t<div class=\"elementor-container elementor-column-gap-no\">\n\t\t\t\t\t<div class=\"elementor-column elementor-col-100 elementor-top-column elementor-element elementor-element-b37aefc\" data-id=\"b37aefc\" data-element_type=\"column\" id=\"description\">\n\t\t\t<div class=\"elementor-widget-wrap elementor-element-populated\">\n\t\t\t\t\t\t<div class=\"elementor-element elementor-element-a46cea9 elementor-widget elementor-widget-alloggio_core_info_card\" data-id=\"a46cea9\" data-element_type=\"widget\" data-widget_type=\"alloggio_core_info_card.default\">\n\t\t\t\t<div class=\"elementor-widget-container\">\n\t\t\t<div class=\"qodef-shortcode qodef-m qodef-button-inverted-hover qodef-info-card qodef-image--right \">\n\t<div class=\"qodef-m-image\">\n\t<img fetchpriority=\"high\" src=\"https:\/\/www.hotelsleepingbelle.com\/wp-content\/uploads\/2022\/10\/hotel-paris-style-art-deco-800x600.jpg\" alt=\"\" width=\"800\" height=\"600\" data-ratio=\"1.3333333333333\" \/><\/div>\t<div class=\"qodef-m-content\" style=\"background-color: #302B2600\">\n\t\t\t<h1 class=\"qodef-m-title\" style=\"color: #898F95\">HOTEL 4* IN PARIS<\/h1>\n\t\t\t<h2 class=\"qodef-m-subtitle\" style=\"margin-top: 10px;color: #C19070\">Sleeping Belle, Hotel Paris Gare de Lyon<\/h2>\n\t\t\t<p class=\"qodef-m-text\" style=\"margin-top: 10px;color: #898F95\">Das Hotel Sleeping Belle bietet Ihnen einen ungew\u00f6hnlichen Aufenthalt zwischen Kulturen und Epochen. Das Hotel mit 37 Zimmern verk\u00f6rpert den authentischen Charakter des Art D\u00e9co-Stils und l\u00e4sst die s\u00fc\u00dfe Hektik der &quot;Ann\u00e9es Folles&quot; wieder aufleben.\nIn der N\u00e4he der wichtigsten Wahrzeichen von Paris und des beeindruckenden Uhrenturms des Gare de Lyon ist das Sleeping Belle das ideale pied \u00e0 terre, um Freizeit und Arbeit miteinander zu verbinden. Sein einfacher Zugang zu den verschiedenen Stadtvierteln macht dieses Haus so ber\u00fchmt, in dem Charme, Gem\u00fctlichkeit und Exklusivit\u00e4t aufeinandertreffen. \nDie Sleeping Belle, ein berauschendes Reiseziel, um seine Koffer...<\/p>\n\t\t\t<div class=\"qodef-m-button\">\n\t\t<a class=\"qodef-shortcode qodef-m  qodef-button qodef-layout--filled  qodef-html--link\" href=\"#elementor-element-f727923\" target=\"_self\" data-hover-color=\"#898F95\" data-hover-background-color=\"#02010100\" style=\"color: #898F95;background-color: #02010100;font-weight: 600;margin: -60px 0 0 0\">\t<span class=\"qodef-m-text\">LEISTUNGEN UND DIENSTLEISTUNGEN<\/span>\t<span class=\"qodef-m-background-holder\" style=\"background-color: #02010100\"><\/span><\/a>\t<\/div>\n\t\t\t<\/div>\n<\/div>\t\t<\/div>\n\t\t\t\t<\/div>\n\t\t\t\t\t<\/div>\n\t\t<\/div>\n\t\t\t\t\t<\/div>\n\t\t<\/section>\n\t\t\t\t<section class=\"elementor-section elementor-top-section elementor-element elementor-element-48f3e54 elementor-reverse-mobile elementor-section-boxed elementor-section-height-default elementor-section-height-default qodef-elementor-content-no\" data-id=\"48f3e54\" data-element_type=\"section\">\n\t\t\t\t\t\t<div class=\"elementor-container elementor-column-gap-default\">\n\t\t\t\t\t<div class=\"elementor-column elementor-col-50 elementor-top-column elementor-element elementor-element-ae208b9\" data-id=\"ae208b9\" data-element_type=\"column\">\n\t\t\t<div class=\"elementor-widget-wrap elementor-element-populated\">\n\t\t\t\t\t\t<div class=\"elementor-element elementor-element-d182579 elementor-widget elementor-widget-image\" data-id=\"d182579\" data-element_type=\"widget\" data-widget_type=\"image.default\">\n\t\t\t\t<div class=\"elementor-widget-container\">\n\t\t\t<style>\/*! elementor - v3.23.0 - 05-08-2024 *\/\n.elementor-widget-image{text-align:center}.elementor-widget-image a{display:inline-block}.elementor-widget-image a img[src$=\".svg\"]{width:48px}.elementor-widget-image img{vertical-align:middle;display:inline-block}<\/style>\t\t\t\t\t\t\t\t\t\t<img width=\"800\" height=\"800\" src=\"https:\/\/www.hotelsleepingbelle.com\/wp-content\/uploads\/2022\/10\/lobby-hotel-paris-4-etoiles.jpg\" class=\"attachment-full size-full wp-image-13793\" alt=\"H\u00f4tel Sleeping Belle Paris - Soir\u00e9e Jazz\" srcset=\"https:\/\/www.hotelsleepingbelle.com\/wp-content\/uploads\/2022\/10\/lobby-hotel-paris-4-etoiles.jpg 800w, https:\/\/www.hotelsleepingbelle.com\/wp-content\/uploads\/2022\/10\/lobby-hotel-paris-4-etoiles-300x300.jpg 300w, https:\/\/www.hotelsleepingbelle.com\/wp-content\/uploads\/2022\/10\/lobby-hotel-paris-4-etoiles-150x150.jpg 150w, https:\/\/www.hotelsleepingbelle.com\/wp-content\/uploads\/2022\/10\/lobby-hotel-paris-4-etoiles-768x768.jpg 768w, https:\/\/www.hotelsleepingbelle.com\/wp-content\/uploads\/2022\/10\/lobby-hotel-paris-4-etoiles-650x650.jpg 650w\" sizes=\"(max-width: 800px) 100vw, 800px\" \/>\t\t\t\t\t\t\t\t\t\t\t\t\t<\/div>\n\t\t\t\t<\/div>\n\t\t\t\t\t<\/div>\n\t\t<\/div>\n\t\t\t\t<div class=\"elementor-column elementor-col-50 elementor-top-column elementor-element elementor-element-699ade6\" data-id=\"699ade6\" data-element_type=\"column\">\n\t\t\t<div class=\"elementor-widget-wrap elementor-element-populated\">\n\t\t\t\t\t\t<div class=\"elementor-element elementor-element-edbec95 elementor-headline--style-highlight elementor-widget elementor-widget-animated-headline\" data-id=\"edbec95\" data-element_type=\"widget\" data-settings=\"{&quot;highlighted_text&quot;:&quot;Onze ruimtes&quot;,&quot;marker&quot;:&quot;curly&quot;,&quot;headline_style&quot;:&quot;highlight&quot;,&quot;loop&quot;:&quot;yes&quot;,&quot;highlight_animation_duration&quot;:1200,&quot;highlight_iteration_delay&quot;:8000}\" data-widget_type=\"animated-headline.default\">\n\t\t\t\t<div class=\"elementor-widget-container\">\n\t\t\t<link rel=\"stylesheet\" href=\"https:\/\/www.hotelsleepingbelle.com\/wp-content\/plugins\/elementor-pro\/assets\/css\/widget-animated-headline.min.css\">\t\t<h3 class=\"elementor-headline\">\n\t\t\t\t<span class=\"elementor-headline-dynamic-wrapper elementor-headline-text-wrapper\">\n\t\t\t\t\t<span class=\"elementor-headline-dynamic-text elementor-headline-text-active\">Onze ruimtes<\/span>\n\t\t\t\t<\/span>\n\t\t\t\t<\/h3>\n\t\t\t\t<\/div>\n\t\t\t\t<\/div>\n\t\t\t\t<div class=\"elementor-element elementor-element-66907be elementor-widget elementor-widget-text-editor\" data-id=\"66907be\" data-element_type=\"widget\" data-widget_type=\"text-editor.default\">\n\t\t\t\t<div class=\"elementor-widget-container\">\n\t\t\t<style>\/*! elementor - v3.23.0 - 05-08-2024 *\/\n.elementor-widget-text-editor.elementor-drop-cap-view-stacked .elementor-drop-cap{background-color:#69727d;color:#fff}.elementor-widget-text-editor.elementor-drop-cap-view-framed .elementor-drop-cap{color:#69727d;border:3px solid;background-color:transparent}.elementor-widget-text-editor:not(.elementor-drop-cap-view-default) .elementor-drop-cap{margin-top:8px}.elementor-widget-text-editor:not(.elementor-drop-cap-view-default) .elementor-drop-cap-letter{width:1em;height:1em}.elementor-widget-text-editor .elementor-drop-cap{float:left;text-align:center;line-height:1;font-size:50px}.elementor-widget-text-editor .elementor-drop-cap-letter{display:inline-block}<\/style>\t\t\t\t<p>Welkom in ons prachtige hotel, waar elegantie en charme samenkomen met geschiedenis en modern comfort. Onze trots is onze gewelfde zaal, een unieke ruimte die onze gasten op elk moment van de dag en voor speciale evenementen verwelkomt.<\/p><p>De gewelfde hal biedt een warme en uitnodigende sfeer om te ontspannen, te werken of gezellig samen te zijn.<\/p><p>Of je nu geniet van een heerlijk ontbijt bij zonsopgang, ontspant met een kopje thee in de namiddag of memorabele evenementen organiseert, onze gewelfde zaal is de perfecte locatie. Met zijn flexibele zitcapaciteit kan het worden geconfigureerd om aan uw behoeften te voldoen, of het nu voor zakelijke bijeenkomsten, conferenties, recepties of speciale vieringen is.<\/p>\t\t\t\t\t\t<\/div>\n\t\t\t\t<\/div>\n\t\t\t\t\t<\/div>\n\t\t<\/div>\n\t\t\t\t\t<\/div>\n\t\t<\/section>\n\t\t\t\t<section class=\"elementor-section elementor-top-section elementor-element elementor-element-7eb3a30 elementor-section-full_width elementor-section-height-default elementor-section-height-default qodef-elementor-content-no\" data-id=\"7eb3a30\" data-element_type=\"section\" id=\"elementor-element-f727923\">\n\t\t\t\t\t\t<div class=\"elementor-container elementor-column-gap-no\">\n\t\t\t\t\t<div class=\"elementor-column elementor-col-33 elementor-top-column elementor-element elementor-element-946be75\" data-id=\"946be75\" data-element_type=\"column\" data-settings=\"{&quot;background_background&quot;:&quot;classic&quot;}\">\n\t\t\t<div class=\"elementor-widget-wrap elementor-element-populated\">\n\t\t\t\t\t\t<div class=\"elementor-element elementor-element-3ce1d56 elementor-widget elementor-widget-heading\" data-id=\"3ce1d56\" data-element_type=\"widget\" data-widget_type=\"heading.default\">\n\t\t\t\t<div class=\"elementor-widget-container\">\n\t\t\t<style>\/*! elementor - v3.23.0 - 05-08-2024 *\/\n.elementor-heading-title{padding:0;margin:0;line-height:1}.elementor-widget-heading .elementor-heading-title[class*=elementor-size-]>a{color:inherit;font-size:inherit;line-height:inherit}.elementor-widget-heading .elementor-heading-title.elementor-size-small{font-size:15px}.elementor-widget-heading .elementor-heading-title.elementor-size-medium{font-size:19px}.elementor-widget-heading .elementor-heading-title.elementor-size-large{font-size:29px}.elementor-widget-heading .elementor-heading-title.elementor-size-xl{font-size:39px}.elementor-widget-heading .elementor-heading-title.elementor-size-xxl{font-size:59px}<\/style><h3 class=\"elementor-heading-title elementor-size-default\">LEISTUNGEN<br><span style=\"font-size: 30px;\">UND DIENSTLEISTUNGEN<\/span><\/h3>\t\t<\/div>\n\t\t\t\t<\/div>\n\t\t\t\t<div class=\"elementor-element elementor-element-fed6b21 elementor-widget elementor-widget-text-editor\" data-id=\"fed6b21\" data-element_type=\"widget\" data-widget_type=\"text-editor.default\">\n\t\t\t\t<div class=\"elementor-widget-container\">\n\t\t\t\t\t\t\t<p>Kontinentales Fr\u00fchst\u00fcck von 7:00 bis 11:00 Uhr.<br \/>Schnelles Fr\u00fchst\u00fcck<br \/>24\/7 Zimmerservice<br \/>Zugang f\u00fcr Behinderte PEM<br \/>24\/7 Rezeption<br \/>Bar &amp; Wein<br \/>Bibliothek<br \/>Brettspiele<br \/>Zeitungen<br \/>Akzeptierte Tiere<br \/>Kostenloses und unbegrenztes WLAN<br \/>Gesch\u00e4ftsecke<br \/>Raum f\u00fcr Seminare<br \/>Raum f\u00fcr Coworking<br \/>Geschlossene und gesicherte Gep\u00e4ckaufbewahrung<br \/>Internationale Adapter stehen zur Verf\u00fcgung<br \/>Taxibestellung auf Anfrage<br \/>Ausleihe von Reisef\u00fchrern<br \/>Schuhputzmaschine<br \/>Verleih von Regenschirmen<br \/>Baby-Ausstattung<br \/>Haargl\u00e4tter vorhanden<br \/>B\u00fcgeleisen zur Verf\u00fcgung<\/p>\t\t\t\t\t\t<\/div>\n\t\t\t\t<\/div>\n\t\t\t\t\t<\/div>\n\t\t<\/div>\n\t\t\t\t<div class=\"elementor-column elementor-col-66 elementor-top-column elementor-element elementor-element-ebd6914\" data-id=\"ebd6914\" data-element_type=\"column\">\n\t\t\t<div class=\"elementor-widget-wrap elementor-element-populated\">\n\t\t\t\t\t\t<div class=\"elementor-element elementor-element-cb60d35 elementor-widget elementor-widget-image\" data-id=\"cb60d35\" data-element_type=\"widget\" data-widget_type=\"image.default\">\n\t\t\t\t<div class=\"elementor-widget-container\">\n\t\t\t\t\t\t\t\t\t\t\t\t\t<img width=\"1200\" height=\"800\" src=\"https:\/\/www.hotelsleepingbelle.com\/wp-content\/uploads\/2022\/10\/hotel-paris-salle-seminaire.jpg\" class=\"attachment-full size-full wp-image-13798\" alt=\"\" srcset=\"https:\/\/www.hotelsleepingbelle.com\/wp-content\/uploads\/2022\/10\/hotel-paris-salle-seminaire.jpg 1200w, https:\/\/www.hotelsleepingbelle.com\/wp-content\/uploads\/2022\/10\/hotel-paris-salle-seminaire-300x200.jpg 300w, https:\/\/www.hotelsleepingbelle.com\/wp-content\/uploads\/2022\/10\/hotel-paris-salle-seminaire-1024x683.jpg 1024w, https:\/\/www.hotelsleepingbelle.com\/wp-content\/uploads\/2022\/10\/hotel-paris-salle-seminaire-768x512.jpg 768w\" sizes=\"(max-width: 1200px) 100vw, 1200px\" \/>\t\t\t\t\t\t\t\t\t\t\t\t\t<\/div>\n\t\t\t\t<\/div>\n\t\t\t\t\t<\/div>\n\t\t<\/div>\n\t\t\t\t\t<\/div>\n\t\t<\/section>\n\t\t\t\t<section class=\"elementor-section elementor-top-section elementor-element elementor-element-bb745b4 elementor-hidden-desktop elementor-hidden-tablet elementor-hidden-mobile elementor-section-boxed elementor-section-height-default elementor-section-height-default qodef-elementor-content-no\" data-id=\"bb745b4\" data-element_type=\"section\">\n\t\t\t\t\t\t<div class=\"elementor-container elementor-column-gap-default\">\n\t\t\t\t\t<div class=\"elementor-column elementor-col-100 elementor-top-column elementor-element elementor-element-12970b6\" data-id=\"12970b6\" data-element_type=\"column\">\n\t\t\t<div class=\"elementor-widget-wrap elementor-element-populated\">\n\t\t\t\t\t\t<div class=\"elementor-element elementor-element-7a8445d elementor-widget elementor-widget-heading\" data-id=\"7a8445d\" data-element_type=\"widget\" data-widget_type=\"heading.default\">\n\t\t\t\t<div class=\"elementor-widget-container\">\n\t\t\t<h3 class=\"elementor-heading-title elementor-size-default\"><a href=\"https:\/\/www.instagram.com\/hotelsleepingbelle\/\">Teilen Sie Ihre Erfahrung<\/a><\/h3>\t\t<\/div>\n\t\t\t\t<\/div>\n\t\t\t\t<div class=\"elementor-element elementor-element-fa31ba9 elementor-align-center elementor-icon-list--layout-traditional elementor-list-item-link-full_width elementor-widget elementor-widget-icon-list\" data-id=\"fa31ba9\" data-element_type=\"widget\" data-widget_type=\"icon-list.default\">\n\t\t\t\t<div class=\"elementor-widget-container\">\n\t\t\t<link rel=\"stylesheet\" href=\"https:\/\/www.hotelsleepingbelle.com\/wp-content\/plugins\/elementor\/assets\/css\/widget-icon-list.min.css\">\t\t<ul class=\"elementor-icon-list-items\">\n\t\t\t\t\t\t\t<li class=\"elementor-icon-list-item\">\n\t\t\t\t\t\t\t\t\t\t\t<a href=\"https:\/\/www.instagram.com\/hotelsleepingbelle\/\">\n\n\t\t\t\t\t\t\t\t\t\t\t\t<span class=\"elementor-icon-list-icon\">\n\t\t\t\t\t\t\t<i aria-hidden=\"true\" class=\"fab fa-instagram\"><\/i>\t\t\t\t\t\t<\/span>\n\t\t\t\t\t\t\t\t\t\t<span class=\"elementor-icon-list-text\">Instagram<\/span>\n\t\t\t\t\t\t\t\t\t\t\t<\/a>\n\t\t\t\t\t\t\t\t\t<\/li>\n\t\t\t\t\t\t<\/ul>\n\t\t\t\t<\/div>\n\t\t\t\t<\/div>\n\t\t\t\t<div class=\"elementor-element elementor-element-64a3f07 elementor-widget elementor-widget-shortcode\" data-id=\"64a3f07\" data-element_type=\"widget\" data-widget_type=\"shortcode.default\">\n\t\t\t\t<div class=\"elementor-widget-container\">\n\t\t\t\t\t<div class=\"elementor-shortcode\">\n<div id=\"sb_instagram\"  class=\"sbi sbi_mob_col_1 sbi_tab_col_2 sbi_col_4 sbi_width_resp\" style=\"padding-bottom: 20px;\"\t data-feedid=\"*6\"  data-res=\"auto\" data-cols=\"4\" data-colsmobile=\"1\" data-colstablet=\"2\" data-num=\"8\" data-nummobile=\"20\" data-item-padding=\"10\"\t data-shortcode-atts=\"{&quot;feed&quot;:&quot;6&quot;}\"  data-postid=\"15584\" data-locatornonce=\"e643c327a9\" data-imageaspectratio=\"1:1\" data-sbi-flags=\"favorLocal,ajaxPostLoad,gdpr\">\n\t<div class=\"sb_instagram_header  sbi_medium\"   >\n\t<a class=\"sbi_header_link\" target=\"_blank\"\n\t   rel=\"nofollow noopener\" href=\"https:\/\/www.instagram.com\/hotelsleepingbelle\/\" title=\"@hotelsleepingbelle\">\n\t\t<div class=\"sbi_header_text sbi_no_bio\">\n\t\t\t<div class=\"sbi_header_img\">\n\t\t\t\t\t\t\t\t\t<div class=\"sbi_header_img_hover\"  ><svg class=\"sbi_new_logo fa-instagram fa-w-14\" aria-hidden=\"true\" data-fa-processed=\"\" aria-label=\"Instagram\" data-prefix=\"fab\" data-icon=\"instagram\" role=\"img\" viewBox=\"0 0 448 512\">\n                    <path fill=\"currentColor\" d=\"M224.1 141c-63.6 0-114.9 51.3-114.9 114.9s51.3 114.9 114.9 114.9S339 319.5 339 255.9 287.7 141 224.1 141zm0 189.6c-41.1 0-74.7-33.5-74.7-74.7s33.5-74.7 74.7-74.7 74.7 33.5 74.7 74.7-33.6 74.7-74.7 74.7zm146.4-194.3c0 14.9-12 26.8-26.8 26.8-14.9 0-26.8-12-26.8-26.8s12-26.8 26.8-26.8 26.8 12 26.8 26.8zm76.1 27.2c-1.7-35.9-9.9-67.7-36.2-93.9-26.2-26.2-58-34.4-93.9-36.2-37-2.1-147.9-2.1-184.9 0-35.8 1.7-67.6 9.9-93.9 36.1s-34.4 58-36.2 93.9c-2.1 37-2.1 147.9 0 184.9 1.7 35.9 9.9 67.7 36.2 93.9s58 34.4 93.9 36.2c37 2.1 147.9 2.1 184.9 0 35.9-1.7 67.7-9.9 93.9-36.2 26.2-26.2 34.4-58 36.2-93.9 2.1-37 2.1-147.8 0-184.8zM398.8 388c-7.8 19.6-22.9 34.7-42.6 42.6-29.5 11.7-99.5 9-132.1 9s-102.7 2.6-132.1-9c-19.6-7.8-34.7-22.9-42.6-42.6-11.7-29.5-9-99.5-9-132.1s-2.6-102.7 9-132.1c7.8-19.6 22.9-34.7 42.6-42.6 29.5-11.7 99.5-9 132.1-9s102.7-2.6 132.1 9c19.6 7.8 34.7 22.9 42.6 42.6 11.7 29.5 9 99.5 9 132.1s2.7 102.7-9 132.1z\"><\/path>\n                <\/svg><\/div>\n\t\t\t\t\t<img loading=\"lazy\"  src=\"https:\/\/www.hotelsleepingbelle.com\/wp-content\/plugins\/instagram-feed\/img\/thumb-placeholder.png\" alt=\"\" width=\"50\" height=\"50\">\n\t\t\t\t\n\t\t\t\t\t\t\t<\/div>\n\n\t\t\t<div class=\"sbi_feedtheme_header_text\">\n\t\t\t\t<h3>hotelsleepingbelle<\/h3>\n\t\t\t\t\t\t\t<\/div>\n\t\t<\/div>\n\t<\/a>\n<\/div>\n\n\t<div id=\"sbi_images\"  style=\"gap: 20px;\">\n\t\t\t<\/div>\n\n\t<div id=\"sbi_load\" >\n\n\t\n\t\n<\/div>\n\t\t<span class=\"sbi_resized_image_data\" data-feed-id=\"*6\"\n\t\t  data-resized=\"[]\">\n\t<\/span>\n\t<\/div>\n\n<\/div>\n\t\t\t\t<\/div>\n\t\t\t\t<\/div>\n\t\t\t\t\t<\/div>\n\t\t<\/div>\n\t\t\t\t\t<\/div>\n\t\t<\/section>\n\t\t\t\t<\/div>\n\t\t","protected":false},"excerpt":{"rendered":"<p>HOTEL 4* IN PARIS Sleeping Belle, Hotel Paris Gare de Lyon Das Hotel Sleeping Belle bietet Ihnen einen ungew\u00f6hnlichen Aufenthalt zwischen Kulturen und Epochen. Das Hotel mit 37 Zimmern verk\u00f6rpert den authentischen Charakter des Art D\u00e9co-Stils und l\u00e4sst die s\u00fc\u00dfe Hektik der &quot;Ann\u00e9es Folles&quot; wieder aufleben. In der N\u00e4he der wichtigsten Wahrzeichen von Paris und [&hellip;]<\/p>\n","protected":false},"author":1,"featured_media":0,"parent":0,"menu_order":1,"comment_status":"closed","ping_status":"closed","template":"page-full-width.php","meta":[],"yoast_head":"<!-- This site is optimized with the Yoast SEO plugin v19.10 - https:\/\/yoast.com\/wordpress\/plugins\/seo\/ -->\n<title>4* Hotel in Paris (Frankreich) | Buchen Sie Ihr Zimmer im Sleeping Belle<\/title>\n<meta name=\"robots\" content=\"index, follow, max-snippet:-1, max-image-preview:large, max-video-preview:-1\" \/>\n<link rel=\"canonical\" href=\"https:\/\/www.hotelsleepingbelle.com\/de\/\" \/>\n<meta property=\"og:locale\" content=\"de_DE\" \/>\n<meta property=\"og:type\" content=\"article\" \/>\n<meta property=\"og:title\" content=\"4* Hotel in Paris (Frankreich) | Buchen Sie Ihr Zimmer im Sleeping Belle\" \/>\n<meta property=\"og:description\" content=\"HOTEL 4* IN PARIS Sleeping Belle, Hotel Paris Gare de Lyon Das Hotel Sleeping Belle bietet Ihnen einen ungew\u00f6hnlichen Aufenthalt zwischen Kulturen und Epochen. Das Hotel mit 37 Zimmern verk\u00f6rpert den authentischen Charakter des Art D\u00e9co-Stils und l\u00e4sst die s\u00fc\u00dfe Hektik der &quot;Ann\u00e9es Folles&quot; wieder aufleben. In der N\u00e4he der wichtigsten Wahrzeichen von Paris und [&hellip;]\" \/>\n<meta property=\"og:url\" content=\"https:\/\/www.hotelsleepingbelle.com\/de\/\" \/>\n<meta property=\"og:site_name\" content=\"H\u00f4tel Sleeping Belle 4*\" \/>\n<meta property=\"article:modified_time\" content=\"2025-12-10T10:14:50+00:00\" \/>\n<meta property=\"og:image\" content=\"https:\/\/www.hotelsleepingbelle.com\/wp-content\/uploads\/2022\/10\/hotel-paris-style-art-deco-800x600.jpg\" \/>\n<meta name=\"twitter:card\" content=\"summary_large_image\" \/>\n<meta name=\"twitter:label1\" content=\"Gesch\u00e4tzte Lesezeit\" \/>\n\t<meta name=\"twitter:data1\" content=\"3 Minuten\" \/>\n<script type=\"application\/ld+json\" class=\"yoast-schema-graph\">{\"@context\":\"https:\/\/schema.org\",\"@graph\":[{\"@type\":\"WebPage\",\"@id\":\"https:\/\/www.hotelsleepingbelle.com\/de\/\",\"url\":\"https:\/\/www.hotelsleepingbelle.com\/de\/\",\"name\":\"4* Hotel in Paris (Frankreich) | Buchen Sie Ihr Zimmer im Sleeping Belle\",\"isPartOf\":{\"@id\":\"https:\/\/www.hotelsleepingbelle.com\/es\/#website\"},\"datePublished\":\"2020-03-23T21:51:29+00:00\",\"dateModified\":\"2025-12-10T10:14:50+00:00\",\"breadcrumb\":{\"@id\":\"https:\/\/www.hotelsleepingbelle.com\/de\/#breadcrumb\"},\"inLanguage\":\"de-DE\",\"potentialAction\":[{\"@type\":\"ReadAction\",\"target\":[\"https:\/\/www.hotelsleepingbelle.com\/de\/\"]}]},{\"@type\":\"BreadcrumbList\",\"@id\":\"https:\/\/www.hotelsleepingbelle.com\/de\/#breadcrumb\",\"itemListElement\":[{\"@type\":\"ListItem\",\"position\":1,\"name\":\"Accueil\",\"item\":\"https:\/\/www.hotelsleepingbelle.com\/de\/\"},{\"@type\":\"ListItem\",\"position\":2,\"name\":\"HOTEL\"}]},{\"@type\":\"WebSite\",\"@id\":\"https:\/\/www.hotelsleepingbelle.com\/es\/#website\",\"url\":\"https:\/\/www.hotelsleepingbelle.com\/es\/\",\"name\":\"H\u00f4tel Sleeping Belle 4*\",\"description\":\"\",\"potentialAction\":[{\"@type\":\"SearchAction\",\"target\":{\"@type\":\"EntryPoint\",\"urlTemplate\":\"https:\/\/www.hotelsleepingbelle.com\/es\/?s={search_term_string}\"},\"query-input\":\"required name=search_term_string\"}],\"inLanguage\":\"de-DE\"}]}<\/script>\n<!-- \/ Yoast SEO plugin. -->","yoast_head_json":{"title":"4* Hotel in Paris (Frankreich) | Buchen Sie Ihr Zimmer im Sleeping Belle","robots":{"index":"index","follow":"follow","max-snippet":"max-snippet:-1","max-image-preview":"max-image-preview:large","max-video-preview":"max-video-preview:-1"},"canonical":"https:\/\/www.hotelsleepingbelle.com\/de\/","og_locale":"de_DE","og_type":"article","og_title":"4* Hotel in Paris (Frankreich) | Buchen Sie Ihr Zimmer im Sleeping Belle","og_description":"HOTEL 4* IN PARIS Sleeping Belle, Hotel Paris Gare de Lyon Das Hotel Sleeping Belle bietet Ihnen einen ungew\u00f6hnlichen Aufenthalt zwischen Kulturen und Epochen. Das Hotel mit 37 Zimmern verk\u00f6rpert den authentischen Charakter des Art D\u00e9co-Stils und l\u00e4sst die s\u00fc\u00dfe Hektik der &quot;Ann\u00e9es Folles&quot; wieder aufleben. In der N\u00e4he der wichtigsten Wahrzeichen von Paris und [&hellip;]","og_url":"https:\/\/www.hotelsleepingbelle.com\/de\/","og_site_name":"H\u00f4tel Sleeping Belle 4*","article_modified_time":"2025-12-10T10:14:50+00:00","og_image":[{"url":"https:\/\/www.hotelsleepingbelle.com\/wp-content\/uploads\/2022\/10\/hotel-paris-style-art-deco-800x600.jpg"}],"twitter_card":"summary_large_image","twitter_misc":{"Gesch\u00e4tzte Lesezeit":"3 Minuten"},"schema":{"@context":"https:\/\/schema.org","@graph":[{"@type":"WebPage","@id":"https:\/\/www.hotelsleepingbelle.com\/de\/","url":"https:\/\/www.hotelsleepingbelle.com\/de\/","name":"4* Hotel in Paris (Frankreich) | Buchen Sie Ihr Zimmer im Sleeping Belle","isPartOf":{"@id":"https:\/\/www.hotelsleepingbelle.com\/es\/#website"},"datePublished":"2020-03-23T21:51:29+00:00","dateModified":"2025-12-10T10:14:50+00:00","breadcrumb":{"@id":"https:\/\/www.hotelsleepingbelle.com\/de\/#breadcrumb"},"inLanguage":"de-DE","potentialAction":[{"@type":"ReadAction","target":["https:\/\/www.hotelsleepingbelle.com\/de\/"]}]},{"@type":"BreadcrumbList","@id":"https:\/\/www.hotelsleepingbelle.com\/de\/#breadcrumb","itemListElement":[{"@type":"ListItem","position":1,"name":"Accueil","item":"https:\/\/www.hotelsleepingbelle.com\/de\/"},{"@type":"ListItem","position":2,"name":"HOTEL"}]},{"@type":"WebSite","@id":"https:\/\/www.hotelsleepingbelle.com\/es\/#website","url":"https:\/\/www.hotelsleepingbelle.com\/es\/","name":"H\u00f4tel Sleeping Belle 4*","description":"","potentialAction":[{"@type":"SearchAction","target":{"@type":"EntryPoint","urlTemplate":"https:\/\/www.hotelsleepingbelle.com\/es\/?s={search_term_string}"},"query-input":"required name=search_term_string"}],"inLanguage":"de-DE"}]}},"_links":{"self":[{"href":"https:\/\/www.hotelsleepingbelle.com\/de\/wp-json\/wp\/v2\/pages\/15584"}],"collection":[{"href":"https:\/\/www.hotelsleepingbelle.com\/de\/wp-json\/wp\/v2\/pages"}],"about":[{"href":"https:\/\/www.hotelsleepingbelle.com\/de\/wp-json\/wp\/v2\/types\/page"}],"author":[{"embeddable":true,"href":"https:\/\/www.hotelsleepingbelle.com\/de\/wp-json\/wp\/v2\/users\/1"}],"replies":[{"embeddable":true,"href":"https:\/\/www.hotelsleepingbelle.com\/de\/wp-json\/wp\/v2\/comments?post=15584"}],"version-history":[{"count":70,"href":"https:\/\/www.hotelsleepingbelle.com\/de\/wp-json\/wp\/v2\/pages\/15584\/revisions"}],"predecessor-version":[{"id":19773,"href":"https:\/\/www.hotelsleepingbelle.com\/de\/wp-json\/wp\/v2\/pages\/15584\/revisions\/19773"}],"wp:attachment":[{"href":"https:\/\/www.hotelsleepingbelle.com\/de\/wp-json\/wp\/v2\/media?parent=15584"}],"curies":[{"name":"wp","href":"https:\/\/api.w.org\/{rel}","templated":true}]}}