{"id":15593,"date":"2022-02-15T16:00:38","date_gmt":"2022-02-15T15:00:38","guid":{"rendered":"https:\/\/www.hotelsleepingbelle.com\/mentions-legales\/"},"modified":"2022-11-23T15:06:09","modified_gmt":"2022-11-23T14:06:09","slug":"rechtliche-hinweise","status":"publish","type":"page","link":"https:\/\/www.hotelsleepingbelle.com\/de\/rechtliche-hinweise\/","title":{"rendered":"RECHTLICHE HINWEISE"},"content":{"rendered":"\t\t<div data-elementor-type=\"wp-page\" data-elementor-id=\"15593\" class=\"elementor elementor-15593 elementor-4864\">\n\t\t\t\t\t\t<section class=\"elementor-section elementor-top-section elementor-element elementor-element-09ba8fd elementor-section-boxed elementor-section-height-default elementor-section-height-default qodef-elementor-content-no\" data-id=\"09ba8fd\" data-element_type=\"section\">\n\t\t\t\t\t\t<div class=\"elementor-container elementor-column-gap-default\">\n\t\t\t\t\t<div class=\"elementor-column elementor-col-100 elementor-top-column elementor-element elementor-element-d9e9533\" data-id=\"d9e9533\" data-element_type=\"column\" data-settings=\"{&quot;background_background&quot;:&quot;classic&quot;}\">\n\t\t\t<div class=\"elementor-widget-wrap elementor-element-populated\">\n\t\t\t\t\t\t<div class=\"elementor-element elementor-element-f7d9c84 elementor-widget elementor-widget-heading\" data-id=\"f7d9c84\" data-element_type=\"widget\" data-widget_type=\"heading.default\">\n\t\t\t\t<div class=\"elementor-widget-container\">\n\t\t\t<style>\/*! elementor - v3.23.0 - 05-08-2024 *\/\n.elementor-heading-title{padding:0;margin:0;line-height:1}.elementor-widget-heading .elementor-heading-title[class*=elementor-size-]>a{color:inherit;font-size:inherit;line-height:inherit}.elementor-widget-heading .elementor-heading-title.elementor-size-small{font-size:15px}.elementor-widget-heading .elementor-heading-title.elementor-size-medium{font-size:19px}.elementor-widget-heading .elementor-heading-title.elementor-size-large{font-size:29px}.elementor-widget-heading .elementor-heading-title.elementor-size-xl{font-size:39px}.elementor-widget-heading .elementor-heading-title.elementor-size-xxl{font-size:59px}<\/style><h2 class=\"elementor-heading-title elementor-size-default\">MENTIONS L\u00c9GALES<\/h2>\t\t<\/div>\n\t\t\t\t<\/div>\n\t\t\t\t<div class=\"elementor-element elementor-element-bd1d452 elementor-widget elementor-widget-heading\" data-id=\"bd1d452\" data-element_type=\"widget\" data-widget_type=\"heading.default\">\n\t\t\t\t<div class=\"elementor-widget-container\">\n\t\t\t<h4 class=\"elementor-heading-title elementor-size-default\">HEBERGEUR<\/h4>\t\t<\/div>\n\t\t\t\t<\/div>\n\t\t\t\t<div class=\"elementor-element elementor-element-6346fc5 elementor-widget elementor-widget-text-editor\" data-id=\"6346fc5\" data-element_type=\"widget\" data-widget_type=\"text-editor.default\">\n\t\t\t\t<div class=\"elementor-widget-container\">\n\t\t\t<style>\/*! elementor - v3.23.0 - 05-08-2024 *\/\n.elementor-widget-text-editor.elementor-drop-cap-view-stacked .elementor-drop-cap{background-color:#69727d;color:#fff}.elementor-widget-text-editor.elementor-drop-cap-view-framed .elementor-drop-cap{color:#69727d;border:3px solid;background-color:transparent}.elementor-widget-text-editor:not(.elementor-drop-cap-view-default) .elementor-drop-cap{margin-top:8px}.elementor-widget-text-editor:not(.elementor-drop-cap-view-default) .elementor-drop-cap-letter{width:1em;height:1em}.elementor-widget-text-editor .elementor-drop-cap{float:left;text-align:center;line-height:1;font-size:50px}.elementor-widget-text-editor .elementor-drop-cap-letter{display:inline-block}<\/style>\t\t\t\t<p>AMEN<br>Adresse : AMEN SASU, 12-14, Rond-Point des Champs-\u00c9lys\u00e9es, 75008 Paris Tel : 0 811 88 77 66<br>E-mail : rubrique \u00ab Contactez-nous \u00bb du site<br>www.amen.fr<\/p>\t\t\t\t\t\t<\/div>\n\t\t\t\t<\/div>\n\t\t\t\t<div class=\"elementor-element elementor-element-b6df44d elementor-widget elementor-widget-heading\" data-id=\"b6df44d\" data-element_type=\"widget\" data-widget_type=\"heading.default\">\n\t\t\t\t<div class=\"elementor-widget-container\">\n\t\t\t<h4 class=\"elementor-heading-title elementor-size-default\">RESPONSABLE DES INFORMATIONS DE CE SITE INTERNET<\/h4>\t\t<\/div>\n\t\t\t\t<\/div>\n\t\t\t\t<div class=\"elementor-element elementor-element-b05764c elementor-widget elementor-widget-text-editor\" data-id=\"b05764c\" data-element_type=\"widget\" data-widget_type=\"text-editor.default\">\n\t\t\t\t<div class=\"elementor-widget-container\">\n\t\t\t\t\t\t\t<p>Sleeping Belle<br>Adresse postale : 234 rue de Bercy 75012 Paris \u2013 France<br>Adresse mail : bonjour@sleepingbelle.com<br>Capital Social : 106 714.31\u20ac<br>RCS : Paris 398 526 988<br>Code APE : 5510Z<br>Num\u00e9ro individuel d\u2019identification \u00e0 la TVA : FR 0739852698800074<\/p>\t\t\t\t\t\t<\/div>\n\t\t\t\t<\/div>\n\t\t\t\t<div class=\"elementor-element elementor-element-bdadb77 elementor-widget elementor-widget-heading\" data-id=\"bdadb77\" data-element_type=\"widget\" data-widget_type=\"heading.default\">\n\t\t\t\t<div class=\"elementor-widget-container\">\n\t\t\t<h4 class=\"elementor-heading-title elementor-size-default\">SCHUTZ DIESER WEBSITE<\/h4>\t\t<\/div>\n\t\t\t\t<\/div>\n\t\t\t\t<div class=\"elementor-element elementor-element-618cdad elementor-widget elementor-widget-text-editor\" data-id=\"618cdad\" data-element_type=\"widget\" data-widget_type=\"text-editor.default\">\n\t\t\t\t<div class=\"elementor-widget-container\">\n\t\t\t\t\t\t\t<p>Jede Vervielf\u00e4ltigung dieser Website, auch auszugsweise, ist untersagt. Marke, Modell, Zeichnungen und Texte sind eingetragen und gesch\u00fctzt.<\/p>\t\t\t\t\t\t<\/div>\n\t\t\t\t<\/div>\n\t\t\t\t<div class=\"elementor-element elementor-element-b3c72ad elementor-widget elementor-widget-heading\" data-id=\"b3c72ad\" data-element_type=\"widget\" data-widget_type=\"heading.default\">\n\t\t\t\t<div class=\"elementor-widget-container\">\n\t\t\t<h4 class=\"elementor-heading-title elementor-size-default\">SCHUTZ PERS\u00d6NLICHER DATEN UND SICHERHEIT<\/h4>\t\t<\/div>\n\t\t\t\t<\/div>\n\t\t\t\t<div class=\"elementor-element elementor-element-5c40d91 elementor-widget elementor-widget-text-editor\" data-id=\"5c40d91\" data-element_type=\"widget\" data-widget_type=\"text-editor.default\">\n\t\t\t\t<div class=\"elementor-widget-container\">\n\t\t\t\t\t\t\t<p>Es werden keine pers\u00f6nlichen Informationen ohne das Wissen des Internetnutzers gesammelt. Es werden keine pers\u00f6nlichen Informationen an Dritte weitergegeben oder f\u00fcr nicht vorgesehene Zwecke verwendet. Lesen Sie auch unsere Rubrik &#8222;Pers\u00f6nliche Daten&#8220;.<\/p><p>Pers\u00f6nliche Informationen von Internetnutzern, die \u00fcber E-Mail-Adressen: E-Mail oder Buchungsformulare eingetragen werden, werden nur an Hotels weitergeleitet, von denen die Internetnutzer unter dieser Adresse einen entsprechenden Antrag gestellt haben: bonjour@sleepingbelle.com.<\/p>\t\t\t\t\t\t<\/div>\n\t\t\t\t<\/div>\n\t\t\t\t\t<\/div>\n\t\t<\/div>\n\t\t\t\t\t<\/div>\n\t\t<\/section>\n\t\t\t\t<\/div>\n\t\t","protected":false},"excerpt":{"rendered":"<p>MENTIONS L\u00c9GALES HEBERGEUR AMENAdresse : AMEN SASU, 12-14, Rond-Point des Champs-\u00c9lys\u00e9es, 75008 Paris Tel : 0 811 88 77 66E-mail : rubrique \u00ab Contactez-nous \u00bb du sitewww.amen.fr RESPONSABLE DES INFORMATIONS DE CE SITE INTERNET Sleeping BelleAdresse postale : 234 rue de Bercy 75012 Paris \u2013 FranceAdresse mail : bonjour@sleepingbelle.comCapital Social : 106 714.31\u20acRCS : Paris [&hellip;]<\/p>\n","protected":false},"author":1,"featured_media":0,"parent":0,"menu_order":99,"comment_status":"closed","ping_status":"closed","template":"","meta":[],"yoast_head":"<!-- This site is optimized with the Yoast SEO plugin v19.10 - https:\/\/yoast.com\/wordpress\/plugins\/seo\/ -->\n<title>RECHTLICHE HINWEISE - H\u00f4tel Sleeping Belle 4*<\/title>\n<meta name=\"robots\" content=\"noindex, follow\" \/>\n<meta property=\"og:locale\" content=\"de_DE\" \/>\n<meta property=\"og:type\" content=\"article\" \/>\n<meta property=\"og:title\" content=\"RECHTLICHE HINWEISE - H\u00f4tel Sleeping Belle 4*\" \/>\n<meta property=\"og:description\" content=\"MENTIONS L\u00c9GALES HEBERGEUR AMENAdresse : AMEN SASU, 12-14, Rond-Point des Champs-\u00c9lys\u00e9es, 75008 Paris Tel : 0 811 88 77 66E-mail : rubrique \u00ab Contactez-nous \u00bb du sitewww.amen.fr RESPONSABLE DES INFORMATIONS DE CE SITE INTERNET Sleeping BelleAdresse postale : 234 rue de Bercy 75012 Paris \u2013 FranceAdresse mail : bonjour@sleepingbelle.comCapital Social : 106 714.31\u20acRCS : Paris [&hellip;]\" \/>\n<meta property=\"og:url\" content=\"https:\/\/www.hotelsleepingbelle.com\/de\/rechtliche-hinweise\/\" \/>\n<meta property=\"og:site_name\" content=\"H\u00f4tel Sleeping Belle 4*\" \/>\n<meta property=\"article:modified_time\" content=\"2022-11-23T14:06:09+00:00\" \/>\n<meta name=\"twitter:card\" content=\"summary_large_image\" \/>\n<meta name=\"twitter:label1\" content=\"Gesch\u00e4tzte Lesezeit\" \/>\n\t<meta name=\"twitter:data1\" content=\"1 Minute\" \/>\n<script type=\"application\/ld+json\" class=\"yoast-schema-graph\">{\"@context\":\"https:\/\/schema.org\",\"@graph\":[{\"@type\":\"WebPage\",\"@id\":\"https:\/\/www.hotelsleepingbelle.com\/de\/rechtliche-hinweise\/\",\"url\":\"https:\/\/www.hotelsleepingbelle.com\/de\/rechtliche-hinweise\/\",\"name\":\"RECHTLICHE HINWEISE - H\u00f4tel Sleeping Belle 4*\",\"isPartOf\":{\"@id\":\"https:\/\/www.hotelsleepingbelle.com\/es\/#website\"},\"datePublished\":\"2022-02-15T15:00:38+00:00\",\"dateModified\":\"2022-11-23T14:06:09+00:00\",\"breadcrumb\":{\"@id\":\"https:\/\/www.hotelsleepingbelle.com\/de\/rechtliche-hinweise\/#breadcrumb\"},\"inLanguage\":\"de-DE\",\"potentialAction\":[{\"@type\":\"ReadAction\",\"target\":[\"https:\/\/www.hotelsleepingbelle.com\/de\/rechtliche-hinweise\/\"]}]},{\"@type\":\"BreadcrumbList\",\"@id\":\"https:\/\/www.hotelsleepingbelle.com\/de\/rechtliche-hinweise\/#breadcrumb\",\"itemListElement\":[{\"@type\":\"ListItem\",\"position\":1,\"name\":\"Accueil\",\"item\":\"https:\/\/www.hotelsleepingbelle.com\/de\/\"},{\"@type\":\"ListItem\",\"position\":2,\"name\":\"RECHTLICHE HINWEISE\"}]},{\"@type\":\"WebSite\",\"@id\":\"https:\/\/www.hotelsleepingbelle.com\/es\/#website\",\"url\":\"https:\/\/www.hotelsleepingbelle.com\/es\/\",\"name\":\"H\u00f4tel Sleeping Belle 4*\",\"description\":\"\",\"potentialAction\":[{\"@type\":\"SearchAction\",\"target\":{\"@type\":\"EntryPoint\",\"urlTemplate\":\"https:\/\/www.hotelsleepingbelle.com\/es\/?s={search_term_string}\"},\"query-input\":\"required name=search_term_string\"}],\"inLanguage\":\"de-DE\"}]}<\/script>\n<!-- \/ Yoast SEO plugin. -->","yoast_head_json":{"title":"RECHTLICHE HINWEISE - H\u00f4tel Sleeping Belle 4*","robots":{"index":"noindex","follow":"follow"},"og_locale":"de_DE","og_type":"article","og_title":"RECHTLICHE HINWEISE - H\u00f4tel Sleeping Belle 4*","og_description":"MENTIONS L\u00c9GALES HEBERGEUR AMENAdresse : AMEN SASU, 12-14, Rond-Point des Champs-\u00c9lys\u00e9es, 75008 Paris Tel : 0 811 88 77 66E-mail : rubrique \u00ab Contactez-nous \u00bb du sitewww.amen.fr RESPONSABLE DES INFORMATIONS DE CE SITE INTERNET Sleeping BelleAdresse postale : 234 rue de Bercy 75012 Paris \u2013 FranceAdresse mail : bonjour@sleepingbelle.comCapital Social : 106 714.31\u20acRCS : Paris [&hellip;]","og_url":"https:\/\/www.hotelsleepingbelle.com\/de\/rechtliche-hinweise\/","og_site_name":"H\u00f4tel Sleeping Belle 4*","article_modified_time":"2022-11-23T14:06:09+00:00","twitter_card":"summary_large_image","twitter_misc":{"Gesch\u00e4tzte Lesezeit":"1 Minute"},"schema":{"@context":"https:\/\/schema.org","@graph":[{"@type":"WebPage","@id":"https:\/\/www.hotelsleepingbelle.com\/de\/rechtliche-hinweise\/","url":"https:\/\/www.hotelsleepingbelle.com\/de\/rechtliche-hinweise\/","name":"RECHTLICHE HINWEISE - H\u00f4tel Sleeping Belle 4*","isPartOf":{"@id":"https:\/\/www.hotelsleepingbelle.com\/es\/#website"},"datePublished":"2022-02-15T15:00:38+00:00","dateModified":"2022-11-23T14:06:09+00:00","breadcrumb":{"@id":"https:\/\/www.hotelsleepingbelle.com\/de\/rechtliche-hinweise\/#breadcrumb"},"inLanguage":"de-DE","potentialAction":[{"@type":"ReadAction","target":["https:\/\/www.hotelsleepingbelle.com\/de\/rechtliche-hinweise\/"]}]},{"@type":"BreadcrumbList","@id":"https:\/\/www.hotelsleepingbelle.com\/de\/rechtliche-hinweise\/#breadcrumb","itemListElement":[{"@type":"ListItem","position":1,"name":"Accueil","item":"https:\/\/www.hotelsleepingbelle.com\/de\/"},{"@type":"ListItem","position":2,"name":"RECHTLICHE HINWEISE"}]},{"@type":"WebSite","@id":"https:\/\/www.hotelsleepingbelle.com\/es\/#website","url":"https:\/\/www.hotelsleepingbelle.com\/es\/","name":"H\u00f4tel Sleeping Belle 4*","description":"","potentialAction":[{"@type":"SearchAction","target":{"@type":"EntryPoint","urlTemplate":"https:\/\/www.hotelsleepingbelle.com\/es\/?s={search_term_string}"},"query-input":"required name=search_term_string"}],"inLanguage":"de-DE"}]}},"_links":{"self":[{"href":"https:\/\/www.hotelsleepingbelle.com\/de\/wp-json\/wp\/v2\/pages\/15593"}],"collection":[{"href":"https:\/\/www.hotelsleepingbelle.com\/de\/wp-json\/wp\/v2\/pages"}],"about":[{"href":"https:\/\/www.hotelsleepingbelle.com\/de\/wp-json\/wp\/v2\/types\/page"}],"author":[{"embeddable":true,"href":"https:\/\/www.hotelsleepingbelle.com\/de\/wp-json\/wp\/v2\/users\/1"}],"replies":[{"embeddable":true,"href":"https:\/\/www.hotelsleepingbelle.com\/de\/wp-json\/wp\/v2\/comments?post=15593"}],"version-history":[{"count":12,"href":"https:\/\/www.hotelsleepingbelle.com\/de\/wp-json\/wp\/v2\/pages\/15593\/revisions"}],"predecessor-version":[{"id":17595,"href":"https:\/\/www.hotelsleepingbelle.com\/de\/wp-json\/wp\/v2\/pages\/15593\/revisions\/17595"}],"wp:attachment":[{"href":"https:\/\/www.hotelsleepingbelle.com\/de\/wp-json\/wp\/v2\/media?parent=15593"}],"curies":[{"name":"wp","href":"https:\/\/api.w.org\/{rel}","templated":true}]}}