{"id":13721,"date":"2020-03-23T22:51:29","date_gmt":"2020-03-23T21:51:29","guid":{"rendered":"https:\/\/www.hotelsleepingbelle.com\/hoteller\/"},"modified":"2025-12-10T11:13:04","modified_gmt":"2025-12-10T10:13:04","slug":"hotel","status":"publish","type":"page","link":"https:\/\/www.hotelsleepingbelle.com\/es\/","title":{"rendered":"HOTEL"},"content":{"rendered":"\t\t<div data-elementor-type=\"wp-page\" data-elementor-id=\"13721\" class=\"elementor elementor-13721 elementor-948\">\n\t\t\t\t\t\t<section class=\"elementor-section elementor-top-section elementor-element elementor-element-32ec20d elementor-section-full_width elementor-section-height-default elementor-section-height-default qodef-elementor-content-no\" data-id=\"32ec20d\" data-element_type=\"section\" data-settings=\"{&quot;background_background&quot;:&quot;classic&quot;}\">\n\t\t\t\t\t\t<div class=\"elementor-container elementor-column-gap-no\">\n\t\t\t\t\t<div class=\"elementor-column elementor-col-100 elementor-top-column elementor-element elementor-element-f1334ff\" data-id=\"f1334ff\" data-element_type=\"column\">\n\t\t\t<div class=\"elementor-widget-wrap\">\n\t\t\t\t\t\t\t<\/div>\n\t\t<\/div>\n\t\t\t\t\t<\/div>\n\t\t<\/section>\n\t\t\t\t<section class=\"elementor-section elementor-top-section elementor-element elementor-element-5e69034 elementor-section-stretched block-info-card elementor-section-full_width elementor-section-height-default elementor-section-height-default qodef-elementor-content-no\" data-id=\"5e69034\" data-element_type=\"section\" data-settings=\"{&quot;stretch_section&quot;:&quot;section-stretched&quot;}\">\n\t\t\t\t\t\t<div class=\"elementor-container elementor-column-gap-no\">\n\t\t\t\t\t<div class=\"elementor-column elementor-col-100 elementor-top-column elementor-element elementor-element-b37aefc\" data-id=\"b37aefc\" data-element_type=\"column\" id=\"description\">\n\t\t\t<div class=\"elementor-widget-wrap elementor-element-populated\">\n\t\t\t\t\t\t<div class=\"elementor-element elementor-element-a46cea9 elementor-widget elementor-widget-alloggio_core_info_card\" data-id=\"a46cea9\" data-element_type=\"widget\" data-widget_type=\"alloggio_core_info_card.default\">\n\t\t\t\t<div class=\"elementor-widget-container\">\n\t\t\t<div class=\"qodef-shortcode qodef-m qodef-button-inverted-hover qodef-info-card qodef-image--right \">\n\t<div class=\"qodef-m-image\">\n\t<img fetchpriority=\"high\" src=\"https:\/\/www.hotelsleepingbelle.com\/wp-content\/uploads\/2022\/10\/hotel-paris-style-art-deco-800x600.jpg\" alt=\"\" width=\"800\" height=\"600\" data-ratio=\"1.3333333333333\" \/><\/div>\t<div class=\"qodef-m-content\" style=\"background-color: #302B2600\">\n\t\t\t<h1 class=\"qodef-m-title\" style=\"color: #898F95\">HOTEL DE 4* EN PAR\u00cdS<\/h1>\n\t\t\t<h2 class=\"qodef-m-subtitle\" style=\"margin-top: 10px;color: #C19070\">Sleeping Belle, hotel Par\u00eds Gare de Lyon<\/h2>\n\t\t\t<p class=\"qodef-m-text\" style=\"margin-top: 10px;color: #898F95\">Atraviese las puertas del Hotel Sleeping Belle y viva una estancia at\u00edpica entre culturas y \u00e9pocas. Este hotel de 37 habitaciones encarna la autenticidad del estilo Art Dec\u00f3, devolviendo el suave frenes\u00ed de los locos a\u00f1os veinte.\nCerca de los lugares emblem\u00e1ticos de Par\u00eds y de la impresionante torre del reloj de la Gare de Lyon, el Sleeping Belle es la base ideal para combinar ocio y trabajo. Su f\u00e1cil acceso a los distintos barrios hace que esta casa sea famosa, donde se unen el encanto, la convivencia y la exclusividad. \nEl Sleeping Belle, un destino embriagador para dejar las maletas...<\/p>\n\t\t\t<div class=\"qodef-m-button\">\n\t\t<a class=\"qodef-shortcode qodef-m  qodef-button qodef-layout--filled  qodef-html--link\" href=\"#elementor-element-f727923\" target=\"_self\" data-hover-color=\"#898F95\" data-hover-background-color=\"#02010100\" style=\"color: #898F95;background-color: #02010100;font-weight: 600;margin: -60px 0 0 0\">\t<span class=\"qodef-m-text\">PRESTACIONES Y SERVICIOS<\/span>\t<span class=\"qodef-m-background-holder\" style=\"background-color: #02010100\"><\/span><\/a>\t<\/div>\n\t\t\t<\/div>\n<\/div>\t\t<\/div>\n\t\t\t\t<\/div>\n\t\t\t\t\t<\/div>\n\t\t<\/div>\n\t\t\t\t\t<\/div>\n\t\t<\/section>\n\t\t\t\t<section class=\"elementor-section elementor-top-section elementor-element elementor-element-48f3e54 elementor-reverse-mobile elementor-section-boxed elementor-section-height-default elementor-section-height-default qodef-elementor-content-no\" data-id=\"48f3e54\" data-element_type=\"section\">\n\t\t\t\t\t\t<div class=\"elementor-container elementor-column-gap-default\">\n\t\t\t\t\t<div class=\"elementor-column elementor-col-50 elementor-top-column elementor-element elementor-element-ae208b9\" data-id=\"ae208b9\" data-element_type=\"column\">\n\t\t\t<div class=\"elementor-widget-wrap elementor-element-populated\">\n\t\t\t\t\t\t<div class=\"elementor-element elementor-element-d182579 elementor-widget elementor-widget-image\" data-id=\"d182579\" data-element_type=\"widget\" data-widget_type=\"image.default\">\n\t\t\t\t<div class=\"elementor-widget-container\">\n\t\t\t<style>\/*! elementor - v3.23.0 - 05-08-2024 *\/\n.elementor-widget-image{text-align:center}.elementor-widget-image a{display:inline-block}.elementor-widget-image a img[src$=\".svg\"]{width:48px}.elementor-widget-image img{vertical-align:middle;display:inline-block}<\/style>\t\t\t\t\t\t\t\t\t\t<img width=\"800\" height=\"800\" src=\"https:\/\/www.hotelsleepingbelle.com\/wp-content\/uploads\/2022\/10\/lobby-hotel-paris-4-etoiles.jpg\" class=\"attachment-full size-full wp-image-13793\" alt=\"H\u00f4tel Sleeping Belle Paris - Soir\u00e9e Jazz\" srcset=\"https:\/\/www.hotelsleepingbelle.com\/wp-content\/uploads\/2022\/10\/lobby-hotel-paris-4-etoiles.jpg 800w, https:\/\/www.hotelsleepingbelle.com\/wp-content\/uploads\/2022\/10\/lobby-hotel-paris-4-etoiles-300x300.jpg 300w, https:\/\/www.hotelsleepingbelle.com\/wp-content\/uploads\/2022\/10\/lobby-hotel-paris-4-etoiles-150x150.jpg 150w, https:\/\/www.hotelsleepingbelle.com\/wp-content\/uploads\/2022\/10\/lobby-hotel-paris-4-etoiles-768x768.jpg 768w, https:\/\/www.hotelsleepingbelle.com\/wp-content\/uploads\/2022\/10\/lobby-hotel-paris-4-etoiles-650x650.jpg 650w\" sizes=\"(max-width: 800px) 100vw, 800px\" \/>\t\t\t\t\t\t\t\t\t\t\t\t\t<\/div>\n\t\t\t\t<\/div>\n\t\t\t\t\t<\/div>\n\t\t<\/div>\n\t\t\t\t<div class=\"elementor-column elementor-col-50 elementor-top-column elementor-element elementor-element-699ade6\" data-id=\"699ade6\" data-element_type=\"column\">\n\t\t\t<div class=\"elementor-widget-wrap elementor-element-populated\">\n\t\t\t\t\t\t<div class=\"elementor-element elementor-element-edbec95 elementor-headline--style-highlight elementor-widget elementor-widget-animated-headline\" data-id=\"edbec95\" data-element_type=\"widget\" data-settings=\"{&quot;highlighted_text&quot;:&quot;Nuestros espacios&quot;,&quot;marker&quot;:&quot;curly&quot;,&quot;headline_style&quot;:&quot;highlight&quot;,&quot;loop&quot;:&quot;yes&quot;,&quot;highlight_animation_duration&quot;:1200,&quot;highlight_iteration_delay&quot;:8000}\" data-widget_type=\"animated-headline.default\">\n\t\t\t\t<div class=\"elementor-widget-container\">\n\t\t\t<link rel=\"stylesheet\" href=\"https:\/\/www.hotelsleepingbelle.com\/wp-content\/plugins\/elementor-pro\/assets\/css\/widget-animated-headline.min.css\">\t\t<h3 class=\"elementor-headline\">\n\t\t\t\t<span class=\"elementor-headline-dynamic-wrapper elementor-headline-text-wrapper\">\n\t\t\t\t\t<span class=\"elementor-headline-dynamic-text elementor-headline-text-active\">Nuestros espacios<\/span>\n\t\t\t\t<\/span>\n\t\t\t\t<\/h3>\n\t\t\t\t<\/div>\n\t\t\t\t<\/div>\n\t\t\t\t<div class=\"elementor-element elementor-element-66907be elementor-widget elementor-widget-text-editor\" data-id=\"66907be\" data-element_type=\"widget\" data-widget_type=\"text-editor.default\">\n\t\t\t\t<div class=\"elementor-widget-container\">\n\t\t\t<style>\/*! elementor - v3.23.0 - 05-08-2024 *\/\n.elementor-widget-text-editor.elementor-drop-cap-view-stacked .elementor-drop-cap{background-color:#69727d;color:#fff}.elementor-widget-text-editor.elementor-drop-cap-view-framed .elementor-drop-cap{color:#69727d;border:3px solid;background-color:transparent}.elementor-widget-text-editor:not(.elementor-drop-cap-view-default) .elementor-drop-cap{margin-top:8px}.elementor-widget-text-editor:not(.elementor-drop-cap-view-default) .elementor-drop-cap-letter{width:1em;height:1em}.elementor-widget-text-editor .elementor-drop-cap{float:left;text-align:center;line-height:1;font-size:50px}.elementor-widget-text-editor .elementor-drop-cap-letter{display:inline-block}<\/style>\t\t\t\t<p>Bienvenido a nuestro magn\u00edfico hotel, donde la elegancia y el encanto se encuentran con la historia y el confort moderno. Nuestro orgullo y alegr\u00eda es nuestro sal\u00f3n abovedado, un espacio \u00fanico que da la bienvenida a nuestros hu\u00e9spedes a cualquier hora del d\u00eda y para eventos especiales.<\/p><p>El sal\u00f3n abovedado ofrece un ambiente c\u00e1lido y acogedor en el que relajarse, trabajar o socializar.<\/p><p>Ya sea para disfrutar de un delicioso desayuno al amanecer, relajarse con una taza de t\u00e9 por la tarde u organizar eventos memorables, nuestra sala abovedada es el lugar perfecto. Con su flexible aforo, puede configurarse para adaptarse a sus necesidades, ya sea para reuniones de negocios, conferencias, recepciones o celebraciones especiales.<\/p>\t\t\t\t\t\t<\/div>\n\t\t\t\t<\/div>\n\t\t\t\t\t<\/div>\n\t\t<\/div>\n\t\t\t\t\t<\/div>\n\t\t<\/section>\n\t\t\t\t<section class=\"elementor-section elementor-top-section elementor-element elementor-element-7eb3a30 elementor-section-full_width elementor-section-height-default elementor-section-height-default qodef-elementor-content-no\" data-id=\"7eb3a30\" data-element_type=\"section\" id=\"elementor-element-f727923\">\n\t\t\t\t\t\t<div class=\"elementor-container elementor-column-gap-no\">\n\t\t\t\t\t<div class=\"elementor-column elementor-col-33 elementor-top-column elementor-element elementor-element-946be75\" data-id=\"946be75\" data-element_type=\"column\" data-settings=\"{&quot;background_background&quot;:&quot;classic&quot;}\">\n\t\t\t<div class=\"elementor-widget-wrap elementor-element-populated\">\n\t\t\t\t\t\t<div class=\"elementor-element elementor-element-87e5496 elementor-widget elementor-widget-heading\" data-id=\"87e5496\" data-element_type=\"widget\" data-widget_type=\"heading.default\">\n\t\t\t\t<div class=\"elementor-widget-container\">\n\t\t\t<style>\/*! elementor - v3.23.0 - 05-08-2024 *\/\n.elementor-heading-title{padding:0;margin:0;line-height:1}.elementor-widget-heading .elementor-heading-title[class*=elementor-size-]>a{color:inherit;font-size:inherit;line-height:inherit}.elementor-widget-heading .elementor-heading-title.elementor-size-small{font-size:15px}.elementor-widget-heading .elementor-heading-title.elementor-size-medium{font-size:19px}.elementor-widget-heading .elementor-heading-title.elementor-size-large{font-size:29px}.elementor-widget-heading .elementor-heading-title.elementor-size-xl{font-size:39px}.elementor-widget-heading .elementor-heading-title.elementor-size-xxl{font-size:59px}<\/style><h3 class=\"elementor-heading-title elementor-size-default\">PRESTACIONES<br><span style=\"font-size: 30px;\">ET SERVICIOS<\/span><\/h3>\t\t<\/div>\n\t\t\t\t<\/div>\n\t\t\t\t<div class=\"elementor-element elementor-element-fed6b21 elementor-widget elementor-widget-text-editor\" data-id=\"fed6b21\" data-element_type=\"widget\" data-widget_type=\"text-editor.default\">\n\t\t\t\t<div class=\"elementor-widget-container\">\n\t\t\t\t\t\t\t<p>Desayuno continental desde las 7h \u00e0 las 11h<br \/>Desayuno r\u00e1pido<br \/>Servicio de habitaciones 24\/7<br \/>Acceso PMR<br \/>Recepci\u00f3n 24\/7<br \/>Bar &amp; Vino<br \/>Biblioteca<br \/>Juegos de mesa<br \/>Peri\u00f3dicos<br \/>Animales aceptados<br \/>Wifi gratuito e ilimitado<br \/>Rinc\u00f3n de negocios<br \/>Sala de seminarios<br \/>Espacio de coworking<br \/>Sala de equipajes cerrada y asegurada<br \/>Adaptadores internacionales disponibles<br \/>Pedido de taxi a petici\u00f3n<br \/>Gu\u00edas tur\u00edsticos a disposici\u00f3n<br \/>M\u00e1quina limpiabotas<br \/>Pr\u00e9stamo de paraguas<br \/>Equipamiento para beb\u00e9s<br \/>Plancha de pelo disponible<br \/>Instalaciones de planchado disponibles<\/p>\t\t\t\t\t\t<\/div>\n\t\t\t\t<\/div>\n\t\t\t\t\t<\/div>\n\t\t<\/div>\n\t\t\t\t<div class=\"elementor-column elementor-col-66 elementor-top-column elementor-element elementor-element-ebd6914\" data-id=\"ebd6914\" data-element_type=\"column\">\n\t\t\t<div class=\"elementor-widget-wrap elementor-element-populated\">\n\t\t\t\t\t\t<div class=\"elementor-element elementor-element-cb60d35 elementor-widget elementor-widget-image\" data-id=\"cb60d35\" data-element_type=\"widget\" data-widget_type=\"image.default\">\n\t\t\t\t<div class=\"elementor-widget-container\">\n\t\t\t\t\t\t\t\t\t\t\t\t\t<img width=\"1200\" height=\"800\" src=\"https:\/\/www.hotelsleepingbelle.com\/wp-content\/uploads\/2022\/10\/hotel-paris-salle-seminaire.jpg\" class=\"attachment-full size-full wp-image-13798\" alt=\"\" srcset=\"https:\/\/www.hotelsleepingbelle.com\/wp-content\/uploads\/2022\/10\/hotel-paris-salle-seminaire.jpg 1200w, https:\/\/www.hotelsleepingbelle.com\/wp-content\/uploads\/2022\/10\/hotel-paris-salle-seminaire-300x200.jpg 300w, https:\/\/www.hotelsleepingbelle.com\/wp-content\/uploads\/2022\/10\/hotel-paris-salle-seminaire-1024x683.jpg 1024w, https:\/\/www.hotelsleepingbelle.com\/wp-content\/uploads\/2022\/10\/hotel-paris-salle-seminaire-768x512.jpg 768w\" sizes=\"(max-width: 1200px) 100vw, 1200px\" \/>\t\t\t\t\t\t\t\t\t\t\t\t\t<\/div>\n\t\t\t\t<\/div>\n\t\t\t\t\t<\/div>\n\t\t<\/div>\n\t\t\t\t\t<\/div>\n\t\t<\/section>\n\t\t\t\t<section class=\"elementor-section elementor-top-section elementor-element elementor-element-bb745b4 elementor-hidden-desktop elementor-hidden-tablet elementor-hidden-mobile elementor-section-boxed elementor-section-height-default elementor-section-height-default qodef-elementor-content-no\" data-id=\"bb745b4\" data-element_type=\"section\">\n\t\t\t\t\t\t<div class=\"elementor-container elementor-column-gap-default\">\n\t\t\t\t\t<div class=\"elementor-column elementor-col-100 elementor-top-column elementor-element elementor-element-12970b6\" data-id=\"12970b6\" data-element_type=\"column\">\n\t\t\t<div class=\"elementor-widget-wrap elementor-element-populated\">\n\t\t\t\t\t\t<div class=\"elementor-element elementor-element-7a8445d elementor-widget elementor-widget-heading\" data-id=\"7a8445d\" data-element_type=\"widget\" data-widget_type=\"heading.default\">\n\t\t\t\t<div class=\"elementor-widget-container\">\n\t\t\t<h3 class=\"elementor-heading-title elementor-size-default\"><a href=\"https:\/\/www.instagram.com\/hotelsleepingbelle\/\">Comparta su experiencia ...<\/a><\/h3>\t\t<\/div>\n\t\t\t\t<\/div>\n\t\t\t\t<div class=\"elementor-element elementor-element-fa31ba9 elementor-align-center elementor-icon-list--layout-traditional elementor-list-item-link-full_width elementor-widget elementor-widget-icon-list\" data-id=\"fa31ba9\" data-element_type=\"widget\" data-widget_type=\"icon-list.default\">\n\t\t\t\t<div class=\"elementor-widget-container\">\n\t\t\t<link rel=\"stylesheet\" href=\"https:\/\/www.hotelsleepingbelle.com\/wp-content\/plugins\/elementor\/assets\/css\/widget-icon-list.min.css\">\t\t<ul class=\"elementor-icon-list-items\">\n\t\t\t\t\t\t\t<li class=\"elementor-icon-list-item\">\n\t\t\t\t\t\t\t\t\t\t\t<a href=\"https:\/\/www.instagram.com\/hotelsleepingbelle\/\">\n\n\t\t\t\t\t\t\t\t\t\t\t\t<span class=\"elementor-icon-list-icon\">\n\t\t\t\t\t\t\t<i aria-hidden=\"true\" class=\"fab fa-instagram\"><\/i>\t\t\t\t\t\t<\/span>\n\t\t\t\t\t\t\t\t\t\t<span class=\"elementor-icon-list-text\">Instagram<\/span>\n\t\t\t\t\t\t\t\t\t\t\t<\/a>\n\t\t\t\t\t\t\t\t\t<\/li>\n\t\t\t\t\t\t<\/ul>\n\t\t\t\t<\/div>\n\t\t\t\t<\/div>\n\t\t\t\t<div class=\"elementor-element elementor-element-64a3f07 elementor-widget elementor-widget-shortcode\" data-id=\"64a3f07\" data-element_type=\"widget\" data-widget_type=\"shortcode.default\">\n\t\t\t\t<div class=\"elementor-widget-container\">\n\t\t\t\t\t<div class=\"elementor-shortcode\">\n<div id=\"sb_instagram\"  class=\"sbi sbi_mob_col_1 sbi_tab_col_2 sbi_col_4 sbi_width_resp\" style=\"padding-bottom: 20px;\"\t data-feedid=\"*6\"  data-res=\"auto\" data-cols=\"4\" data-colsmobile=\"1\" data-colstablet=\"2\" data-num=\"8\" data-nummobile=\"20\" data-item-padding=\"10\"\t data-shortcode-atts=\"{&quot;feed&quot;:&quot;6&quot;}\"  data-postid=\"13721\" data-locatornonce=\"2471eed53e\" data-imageaspectratio=\"1:1\" data-sbi-flags=\"favorLocal,ajaxPostLoad,gdpr\">\n\t<div class=\"sb_instagram_header  sbi_medium\"   >\n\t<a class=\"sbi_header_link\" target=\"_blank\"\n\t   rel=\"nofollow noopener\" href=\"https:\/\/www.instagram.com\/hotelsleepingbelle\/\" title=\"@hotelsleepingbelle\">\n\t\t<div class=\"sbi_header_text sbi_no_bio\">\n\t\t\t<div class=\"sbi_header_img\">\n\t\t\t\t\t\t\t\t\t<div class=\"sbi_header_img_hover\"  ><svg class=\"sbi_new_logo fa-instagram fa-w-14\" aria-hidden=\"true\" data-fa-processed=\"\" aria-label=\"Instagram\" data-prefix=\"fab\" data-icon=\"instagram\" role=\"img\" viewBox=\"0 0 448 512\">\n                    <path fill=\"currentColor\" d=\"M224.1 141c-63.6 0-114.9 51.3-114.9 114.9s51.3 114.9 114.9 114.9S339 319.5 339 255.9 287.7 141 224.1 141zm0 189.6c-41.1 0-74.7-33.5-74.7-74.7s33.5-74.7 74.7-74.7 74.7 33.5 74.7 74.7-33.6 74.7-74.7 74.7zm146.4-194.3c0 14.9-12 26.8-26.8 26.8-14.9 0-26.8-12-26.8-26.8s12-26.8 26.8-26.8 26.8 12 26.8 26.8zm76.1 27.2c-1.7-35.9-9.9-67.7-36.2-93.9-26.2-26.2-58-34.4-93.9-36.2-37-2.1-147.9-2.1-184.9 0-35.8 1.7-67.6 9.9-93.9 36.1s-34.4 58-36.2 93.9c-2.1 37-2.1 147.9 0 184.9 1.7 35.9 9.9 67.7 36.2 93.9s58 34.4 93.9 36.2c37 2.1 147.9 2.1 184.9 0 35.9-1.7 67.7-9.9 93.9-36.2 26.2-26.2 34.4-58 36.2-93.9 2.1-37 2.1-147.8 0-184.8zM398.8 388c-7.8 19.6-22.9 34.7-42.6 42.6-29.5 11.7-99.5 9-132.1 9s-102.7 2.6-132.1-9c-19.6-7.8-34.7-22.9-42.6-42.6-11.7-29.5-9-99.5-9-132.1s-2.6-102.7 9-132.1c7.8-19.6 22.9-34.7 42.6-42.6 29.5-11.7 99.5-9 132.1-9s102.7-2.6 132.1 9c19.6 7.8 34.7 22.9 42.6 42.6 11.7 29.5 9 99.5 9 132.1s2.7 102.7-9 132.1z\"><\/path>\n                <\/svg><\/div>\n\t\t\t\t\t<img loading=\"lazy\"  src=\"https:\/\/www.hotelsleepingbelle.com\/wp-content\/plugins\/instagram-feed\/img\/thumb-placeholder.png\" alt=\"\" width=\"50\" height=\"50\">\n\t\t\t\t\n\t\t\t\t\t\t\t<\/div>\n\n\t\t\t<div class=\"sbi_feedtheme_header_text\">\n\t\t\t\t<h3>hotelsleepingbelle<\/h3>\n\t\t\t\t\t\t\t<\/div>\n\t\t<\/div>\n\t<\/a>\n<\/div>\n\n\t<div id=\"sbi_images\"  style=\"gap: 20px;\">\n\t\t\t<\/div>\n\n\t<div id=\"sbi_load\" >\n\n\t\n\t\n<\/div>\n\t\t<span class=\"sbi_resized_image_data\" data-feed-id=\"*6\"\n\t\t  data-resized=\"[]\">\n\t<\/span>\n\t<\/div>\n\n<\/div>\n\t\t\t\t<\/div>\n\t\t\t\t<\/div>\n\t\t\t\t\t<\/div>\n\t\t<\/div>\n\t\t\t\t\t<\/div>\n\t\t<\/section>\n\t\t\t\t<\/div>\n\t\t","protected":false},"excerpt":{"rendered":"<p>HOTEL DE 4* EN PAR\u00cdS Sleeping Belle, hotel Par\u00eds Gare de Lyon Atraviese las puertas del Hotel Sleeping Belle y viva una estancia at\u00edpica entre culturas y \u00e9pocas. Este hotel de 37 habitaciones encarna la autenticidad del estilo Art Dec\u00f3, devolviendo el suave frenes\u00ed de los locos a\u00f1os veinte. Cerca de los lugares emblem\u00e1ticos de [&hellip;]<\/p>\n","protected":false},"author":1,"featured_media":0,"parent":0,"menu_order":1,"comment_status":"closed","ping_status":"closed","template":"page-full-width.php","meta":[],"yoast_head":"<!-- This site is optimized with the Yoast SEO plugin v19.10 - https:\/\/yoast.com\/wordpress\/plugins\/seo\/ -->\n<title>Hotel 4* en Par\u00eds (Francia) - Reserva tu habitaci\u00f3n en el Sleeping Belle<\/title>\n<meta name=\"robots\" content=\"index, follow, max-snippet:-1, max-image-preview:large, max-video-preview:-1\" \/>\n<link rel=\"canonical\" href=\"https:\/\/www.hotelsleepingbelle.com\/es\/\" \/>\n<meta property=\"og:locale\" content=\"es_ES\" \/>\n<meta property=\"og:type\" content=\"article\" \/>\n<meta property=\"og:title\" content=\"Hotel 4* en Par\u00eds (Francia) - Reserva tu habitaci\u00f3n en el Sleeping Belle\" \/>\n<meta property=\"og:description\" content=\"HOTEL DE 4* EN PAR\u00cdS Sleeping Belle, hotel Par\u00eds Gare de Lyon Atraviese las puertas del Hotel Sleeping Belle y viva una estancia at\u00edpica entre culturas y \u00e9pocas. Este hotel de 37 habitaciones encarna la autenticidad del estilo Art Dec\u00f3, devolviendo el suave frenes\u00ed de los locos a\u00f1os veinte. Cerca de los lugares emblem\u00e1ticos de [&hellip;]\" \/>\n<meta property=\"og:url\" content=\"https:\/\/www.hotelsleepingbelle.com\/es\/\" \/>\n<meta property=\"og:site_name\" content=\"H\u00f4tel Sleeping Belle 4*\" \/>\n<meta property=\"article:modified_time\" content=\"2025-12-10T10:13:04+00:00\" \/>\n<meta property=\"og:image\" content=\"https:\/\/www.hotelsleepingbelle.com\/wp-content\/uploads\/2022\/10\/hotel-paris-style-art-deco-800x600.jpg\" \/>\n<meta name=\"twitter:card\" content=\"summary_large_image\" \/>\n<meta name=\"twitter:label1\" content=\"Tiempo de lectura\" \/>\n\t<meta name=\"twitter:data1\" content=\"3 minutos\" \/>\n<script type=\"application\/ld+json\" class=\"yoast-schema-graph\">{\"@context\":\"https:\/\/schema.org\",\"@graph\":[{\"@type\":\"WebPage\",\"@id\":\"https:\/\/www.hotelsleepingbelle.com\/es\/\",\"url\":\"https:\/\/www.hotelsleepingbelle.com\/es\/\",\"name\":\"Hotel 4* en Par\u00eds (Francia) - Reserva tu habitaci\u00f3n en el Sleeping Belle\",\"isPartOf\":{\"@id\":\"https:\/\/www.hotelsleepingbelle.com\/es\/#website\"},\"datePublished\":\"2020-03-23T21:51:29+00:00\",\"dateModified\":\"2025-12-10T10:13:04+00:00\",\"breadcrumb\":{\"@id\":\"https:\/\/www.hotelsleepingbelle.com\/es\/#breadcrumb\"},\"inLanguage\":\"es\",\"potentialAction\":[{\"@type\":\"ReadAction\",\"target\":[\"https:\/\/www.hotelsleepingbelle.com\/es\/\"]}]},{\"@type\":\"BreadcrumbList\",\"@id\":\"https:\/\/www.hotelsleepingbelle.com\/es\/#breadcrumb\",\"itemListElement\":[{\"@type\":\"ListItem\",\"position\":1,\"name\":\"Accueil\",\"item\":\"https:\/\/www.hotelsleepingbelle.com\/es\/\"},{\"@type\":\"ListItem\",\"position\":2,\"name\":\"HOTEL\"}]},{\"@type\":\"WebSite\",\"@id\":\"https:\/\/www.hotelsleepingbelle.com\/es\/#website\",\"url\":\"https:\/\/www.hotelsleepingbelle.com\/es\/\",\"name\":\"H\u00f4tel Sleeping Belle 4*\",\"description\":\"\",\"potentialAction\":[{\"@type\":\"SearchAction\",\"target\":{\"@type\":\"EntryPoint\",\"urlTemplate\":\"https:\/\/www.hotelsleepingbelle.com\/es\/?s={search_term_string}\"},\"query-input\":\"required name=search_term_string\"}],\"inLanguage\":\"es\"}]}<\/script>\n<!-- \/ Yoast SEO plugin. -->","yoast_head_json":{"title":"Hotel 4* en Par\u00eds (Francia) - Reserva tu habitaci\u00f3n en el Sleeping Belle","robots":{"index":"index","follow":"follow","max-snippet":"max-snippet:-1","max-image-preview":"max-image-preview:large","max-video-preview":"max-video-preview:-1"},"canonical":"https:\/\/www.hotelsleepingbelle.com\/es\/","og_locale":"es_ES","og_type":"article","og_title":"Hotel 4* en Par\u00eds (Francia) - Reserva tu habitaci\u00f3n en el Sleeping Belle","og_description":"HOTEL DE 4* EN PAR\u00cdS Sleeping Belle, hotel Par\u00eds Gare de Lyon Atraviese las puertas del Hotel Sleeping Belle y viva una estancia at\u00edpica entre culturas y \u00e9pocas. Este hotel de 37 habitaciones encarna la autenticidad del estilo Art Dec\u00f3, devolviendo el suave frenes\u00ed de los locos a\u00f1os veinte. Cerca de los lugares emblem\u00e1ticos de [&hellip;]","og_url":"https:\/\/www.hotelsleepingbelle.com\/es\/","og_site_name":"H\u00f4tel Sleeping Belle 4*","article_modified_time":"2025-12-10T10:13:04+00:00","og_image":[{"url":"https:\/\/www.hotelsleepingbelle.com\/wp-content\/uploads\/2022\/10\/hotel-paris-style-art-deco-800x600.jpg"}],"twitter_card":"summary_large_image","twitter_misc":{"Tiempo de lectura":"3 minutos"},"schema":{"@context":"https:\/\/schema.org","@graph":[{"@type":"WebPage","@id":"https:\/\/www.hotelsleepingbelle.com\/es\/","url":"https:\/\/www.hotelsleepingbelle.com\/es\/","name":"Hotel 4* en Par\u00eds (Francia) - Reserva tu habitaci\u00f3n en el Sleeping Belle","isPartOf":{"@id":"https:\/\/www.hotelsleepingbelle.com\/es\/#website"},"datePublished":"2020-03-23T21:51:29+00:00","dateModified":"2025-12-10T10:13:04+00:00","breadcrumb":{"@id":"https:\/\/www.hotelsleepingbelle.com\/es\/#breadcrumb"},"inLanguage":"es","potentialAction":[{"@type":"ReadAction","target":["https:\/\/www.hotelsleepingbelle.com\/es\/"]}]},{"@type":"BreadcrumbList","@id":"https:\/\/www.hotelsleepingbelle.com\/es\/#breadcrumb","itemListElement":[{"@type":"ListItem","position":1,"name":"Accueil","item":"https:\/\/www.hotelsleepingbelle.com\/es\/"},{"@type":"ListItem","position":2,"name":"HOTEL"}]},{"@type":"WebSite","@id":"https:\/\/www.hotelsleepingbelle.com\/es\/#website","url":"https:\/\/www.hotelsleepingbelle.com\/es\/","name":"H\u00f4tel Sleeping Belle 4*","description":"","potentialAction":[{"@type":"SearchAction","target":{"@type":"EntryPoint","urlTemplate":"https:\/\/www.hotelsleepingbelle.com\/es\/?s={search_term_string}"},"query-input":"required name=search_term_string"}],"inLanguage":"es"}]}},"_links":{"self":[{"href":"https:\/\/www.hotelsleepingbelle.com\/es\/wp-json\/wp\/v2\/pages\/13721"}],"collection":[{"href":"https:\/\/www.hotelsleepingbelle.com\/es\/wp-json\/wp\/v2\/pages"}],"about":[{"href":"https:\/\/www.hotelsleepingbelle.com\/es\/wp-json\/wp\/v2\/types\/page"}],"author":[{"embeddable":true,"href":"https:\/\/www.hotelsleepingbelle.com\/es\/wp-json\/wp\/v2\/users\/1"}],"replies":[{"embeddable":true,"href":"https:\/\/www.hotelsleepingbelle.com\/es\/wp-json\/wp\/v2\/comments?post=13721"}],"version-history":[{"count":95,"href":"https:\/\/www.hotelsleepingbelle.com\/es\/wp-json\/wp\/v2\/pages\/13721\/revisions"}],"predecessor-version":[{"id":19767,"href":"https:\/\/www.hotelsleepingbelle.com\/es\/wp-json\/wp\/v2\/pages\/13721\/revisions\/19767"}],"wp:attachment":[{"href":"https:\/\/www.hotelsleepingbelle.com\/es\/wp-json\/wp\/v2\/media?parent=13721"}],"curies":[{"name":"wp","href":"https:\/\/api.w.org\/{rel}","templated":true}]}}