{"id":13747,"date":"2022-02-15T16:00:38","date_gmt":"2022-02-15T15:00:38","guid":{"rendered":"https:\/\/www.hotelsleepingbelle.com\/mentions-legales\/"},"modified":"2022-11-23T15:02:47","modified_gmt":"2022-11-23T14:02:47","slug":"terminos-legales","status":"publish","type":"page","link":"https:\/\/www.hotelsleepingbelle.com\/es\/terminos-legales\/","title":{"rendered":"T\u00c9RMINOS LEGALES"},"content":{"rendered":"\t\t<div data-elementor-type=\"wp-page\" data-elementor-id=\"13747\" class=\"elementor elementor-13747 elementor-4864\">\n\t\t\t\t\t\t<section class=\"elementor-section elementor-top-section elementor-element elementor-element-b7c4c01 elementor-section-boxed elementor-section-height-default elementor-section-height-default qodef-elementor-content-no\" data-id=\"b7c4c01\" data-element_type=\"section\">\n\t\t\t\t\t\t<div class=\"elementor-container elementor-column-gap-default\">\n\t\t\t\t\t<div class=\"elementor-column elementor-col-100 elementor-top-column elementor-element elementor-element-3bb8dbf\" data-id=\"3bb8dbf\" data-element_type=\"column\" data-settings=\"{&quot;background_background&quot;:&quot;classic&quot;}\">\n\t\t\t<div class=\"elementor-widget-wrap elementor-element-populated\">\n\t\t\t\t\t\t<div class=\"elementor-element elementor-element-399e4d6 elementor-widget elementor-widget-heading\" data-id=\"399e4d6\" data-element_type=\"widget\" data-widget_type=\"heading.default\">\n\t\t\t\t<div class=\"elementor-widget-container\">\n\t\t\t<style>\/*! elementor - v3.23.0 - 05-08-2024 *\/\n.elementor-heading-title{padding:0;margin:0;line-height:1}.elementor-widget-heading .elementor-heading-title[class*=elementor-size-]>a{color:inherit;font-size:inherit;line-height:inherit}.elementor-widget-heading .elementor-heading-title.elementor-size-small{font-size:15px}.elementor-widget-heading .elementor-heading-title.elementor-size-medium{font-size:19px}.elementor-widget-heading .elementor-heading-title.elementor-size-large{font-size:29px}.elementor-widget-heading .elementor-heading-title.elementor-size-xl{font-size:39px}.elementor-widget-heading .elementor-heading-title.elementor-size-xxl{font-size:59px}<\/style><h2 class=\"elementor-heading-title elementor-size-default\">T\u00c9RMINOS LEGALES<\/h2>\t\t<\/div>\n\t\t\t\t<\/div>\n\t\t\t\t<div class=\"elementor-element elementor-element-5d0936b elementor-widget elementor-widget-heading\" data-id=\"5d0936b\" data-element_type=\"widget\" data-widget_type=\"heading.default\">\n\t\t\t\t<div class=\"elementor-widget-container\">\n\t\t\t<h4 class=\"elementor-heading-title elementor-size-default\">HEBERGEUR<\/h4>\t\t<\/div>\n\t\t\t\t<\/div>\n\t\t\t\t<div class=\"elementor-element elementor-element-21483c8 elementor-widget elementor-widget-text-editor\" data-id=\"21483c8\" data-element_type=\"widget\" data-widget_type=\"text-editor.default\">\n\t\t\t\t<div class=\"elementor-widget-container\">\n\t\t\t<style>\/*! elementor - v3.23.0 - 05-08-2024 *\/\n.elementor-widget-text-editor.elementor-drop-cap-view-stacked .elementor-drop-cap{background-color:#69727d;color:#fff}.elementor-widget-text-editor.elementor-drop-cap-view-framed .elementor-drop-cap{color:#69727d;border:3px solid;background-color:transparent}.elementor-widget-text-editor:not(.elementor-drop-cap-view-default) .elementor-drop-cap{margin-top:8px}.elementor-widget-text-editor:not(.elementor-drop-cap-view-default) .elementor-drop-cap-letter{width:1em;height:1em}.elementor-widget-text-editor .elementor-drop-cap{float:left;text-align:center;line-height:1;font-size:50px}.elementor-widget-text-editor .elementor-drop-cap-letter{display:inline-block}<\/style>\t\t\t\t<p>AMEN<br \/>Adresse : AMEN SASU, 12-14, Rond-Point des Champs-\u00c9lys\u00e9es, 75008 Paris Tel : 0 811 88 77 66<br \/>E-mail : rubrique \u00ab Contactez-nous \u00bb du site<br \/>www.amen.fr<\/p>\t\t\t\t\t\t<\/div>\n\t\t\t\t<\/div>\n\t\t\t\t<div class=\"elementor-element elementor-element-005120f elementor-widget elementor-widget-heading\" data-id=\"005120f\" data-element_type=\"widget\" data-widget_type=\"heading.default\">\n\t\t\t\t<div class=\"elementor-widget-container\">\n\t\t\t<h4 class=\"elementor-heading-title elementor-size-default\">RESPONSABLE DES INFORMATIONS DE CE SITE INTERNET<\/h4>\t\t<\/div>\n\t\t\t\t<\/div>\n\t\t\t\t<div class=\"elementor-element elementor-element-4366b6c elementor-widget elementor-widget-text-editor\" data-id=\"4366b6c\" data-element_type=\"widget\" data-widget_type=\"text-editor.default\">\n\t\t\t\t<div class=\"elementor-widget-container\">\n\t\t\t\t\t\t\t<p>Sleeping Belle<br \/>Adresse postale : 234 rue de Bercy 75012 Paris \u2013 France<br \/>Adresse mail : bonjour@sleepingbelle.com<br \/>Capital Social : 106 714.31\u20ac<br \/>RCS : Paris 398 526 988<br \/>Code APE : 5510Z<br \/>Num\u00e9ro individuel d\u2019identification \u00e0 la TVA : FR 0739852698800074<\/p>\t\t\t\t\t\t<\/div>\n\t\t\t\t<\/div>\n\t\t\t\t<div class=\"elementor-element elementor-element-604ea24 elementor-widget elementor-widget-heading\" data-id=\"604ea24\" data-element_type=\"widget\" data-widget_type=\"heading.default\">\n\t\t\t\t<div class=\"elementor-widget-container\">\n\t\t\t<h4 class=\"elementor-heading-title elementor-size-default\">PROTECCI\u00d3N DE ESTE SITIO WEB<\/h4>\t\t<\/div>\n\t\t\t\t<\/div>\n\t\t\t\t<div class=\"elementor-element elementor-element-a6a97d0 elementor-widget elementor-widget-text-editor\" data-id=\"a6a97d0\" data-element_type=\"widget\" data-widget_type=\"text-editor.default\">\n\t\t\t\t<div class=\"elementor-widget-container\">\n\t\t\t\t\t\t\t<p>Queda prohibida cualquier reproducci\u00f3n, incluso parcial, de este sitio web. Las marcas, modelos, dibujos y textos est\u00e1n registrados y protegidos.<\/p>\t\t\t\t\t\t<\/div>\n\t\t\t\t<\/div>\n\t\t\t\t<div class=\"elementor-element elementor-element-171cfba elementor-widget elementor-widget-heading\" data-id=\"171cfba\" data-element_type=\"widget\" data-widget_type=\"heading.default\">\n\t\t\t\t<div class=\"elementor-widget-container\">\n\t\t\t<h4 class=\"elementor-heading-title elementor-size-default\">PROTECCI\u00d3N DE DATOS PERSONALES Y SEGURIDAD<\/h4>\t\t<\/div>\n\t\t\t\t<\/div>\n\t\t\t\t<div class=\"elementor-element elementor-element-135da34 elementor-widget elementor-widget-text-editor\" data-id=\"135da34\" data-element_type=\"widget\" data-widget_type=\"text-editor.default\">\n\t\t\t\t<div class=\"elementor-widget-container\">\n\t\t\t\t\t\t\t<p>No se recoge ninguna informaci\u00f3n personal sin el conocimiento del usuario de Internet. No se transmite ninguna informaci\u00f3n personal a terceros ni se utiliza para fines no previstos. Vea tambi\u00e9n nuestra secci\u00f3n \u00abDatos personales\u00bb.<\/p><p>Los datos personales de los internautas registrados mediante direcciones electr\u00f3nicas: correo electr\u00f3nico o formularios de reserva s\u00f3lo se transmiten al hotel cuyos internautas habr\u00e1n realizado la solicitud en esta direcci\u00f3n: bonjour@sleepingbelle.com.<\/p>\t\t\t\t\t\t<\/div>\n\t\t\t\t<\/div>\n\t\t\t\t\t<\/div>\n\t\t<\/div>\n\t\t\t\t\t<\/div>\n\t\t<\/section>\n\t\t\t\t<\/div>\n\t\t","protected":false},"excerpt":{"rendered":"<p>T\u00c9RMINOS LEGALES HEBERGEUR AMENAdresse : AMEN SASU, 12-14, Rond-Point des Champs-\u00c9lys\u00e9es, 75008 Paris Tel : 0 811 88 77 66E-mail : rubrique \u00ab Contactez-nous \u00bb du sitewww.amen.fr RESPONSABLE DES INFORMATIONS DE CE SITE INTERNET Sleeping BelleAdresse postale : 234 rue de Bercy 75012 Paris \u2013 FranceAdresse mail : bonjour@sleepingbelle.comCapital Social : 106 714.31\u20acRCS : Paris [&hellip;]<\/p>\n","protected":false},"author":1,"featured_media":0,"parent":0,"menu_order":99,"comment_status":"closed","ping_status":"closed","template":"","meta":[],"yoast_head":"<!-- This site is optimized with the Yoast SEO plugin v19.10 - https:\/\/yoast.com\/wordpress\/plugins\/seo\/ -->\n<title>T\u00c9RMINOS LEGALES - H\u00f4tel Sleeping Belle 4*<\/title>\n<meta name=\"robots\" content=\"noindex, follow\" \/>\n<meta property=\"og:locale\" content=\"es_ES\" \/>\n<meta property=\"og:type\" content=\"article\" \/>\n<meta property=\"og:title\" content=\"T\u00c9RMINOS LEGALES - H\u00f4tel Sleeping Belle 4*\" \/>\n<meta property=\"og:description\" content=\"T\u00c9RMINOS LEGALES HEBERGEUR AMENAdresse : AMEN SASU, 12-14, Rond-Point des Champs-\u00c9lys\u00e9es, 75008 Paris Tel : 0 811 88 77 66E-mail : rubrique \u00ab Contactez-nous \u00bb du sitewww.amen.fr RESPONSABLE DES INFORMATIONS DE CE SITE INTERNET Sleeping BelleAdresse postale : 234 rue de Bercy 75012 Paris \u2013 FranceAdresse mail : bonjour@sleepingbelle.comCapital Social : 106 714.31\u20acRCS : Paris [&hellip;]\" \/>\n<meta property=\"og:url\" content=\"https:\/\/www.hotelsleepingbelle.com\/es\/terminos-legales\/\" \/>\n<meta property=\"og:site_name\" content=\"H\u00f4tel Sleeping Belle 4*\" \/>\n<meta property=\"article:modified_time\" content=\"2022-11-23T14:02:47+00:00\" \/>\n<meta name=\"twitter:card\" content=\"summary_large_image\" \/>\n<meta name=\"twitter:label1\" content=\"Tiempo de lectura\" \/>\n\t<meta name=\"twitter:data1\" content=\"1 minuto\" \/>\n<script type=\"application\/ld+json\" class=\"yoast-schema-graph\">{\"@context\":\"https:\/\/schema.org\",\"@graph\":[{\"@type\":\"WebPage\",\"@id\":\"https:\/\/www.hotelsleepingbelle.com\/es\/terminos-legales\/\",\"url\":\"https:\/\/www.hotelsleepingbelle.com\/es\/terminos-legales\/\",\"name\":\"T\u00c9RMINOS LEGALES - H\u00f4tel Sleeping Belle 4*\",\"isPartOf\":{\"@id\":\"https:\/\/www.hotelsleepingbelle.com\/es\/#website\"},\"datePublished\":\"2022-02-15T15:00:38+00:00\",\"dateModified\":\"2022-11-23T14:02:47+00:00\",\"breadcrumb\":{\"@id\":\"https:\/\/www.hotelsleepingbelle.com\/es\/terminos-legales\/#breadcrumb\"},\"inLanguage\":\"es\",\"potentialAction\":[{\"@type\":\"ReadAction\",\"target\":[\"https:\/\/www.hotelsleepingbelle.com\/es\/terminos-legales\/\"]}]},{\"@type\":\"BreadcrumbList\",\"@id\":\"https:\/\/www.hotelsleepingbelle.com\/es\/terminos-legales\/#breadcrumb\",\"itemListElement\":[{\"@type\":\"ListItem\",\"position\":1,\"name\":\"Accueil\",\"item\":\"https:\/\/www.hotelsleepingbelle.com\/es\/\"},{\"@type\":\"ListItem\",\"position\":2,\"name\":\"T\u00c9RMINOS LEGALES\"}]},{\"@type\":\"WebSite\",\"@id\":\"https:\/\/www.hotelsleepingbelle.com\/es\/#website\",\"url\":\"https:\/\/www.hotelsleepingbelle.com\/es\/\",\"name\":\"H\u00f4tel Sleeping Belle 4*\",\"description\":\"\",\"potentialAction\":[{\"@type\":\"SearchAction\",\"target\":{\"@type\":\"EntryPoint\",\"urlTemplate\":\"https:\/\/www.hotelsleepingbelle.com\/es\/?s={search_term_string}\"},\"query-input\":\"required name=search_term_string\"}],\"inLanguage\":\"es\"}]}<\/script>\n<!-- \/ Yoast SEO plugin. -->","yoast_head_json":{"title":"T\u00c9RMINOS LEGALES - H\u00f4tel Sleeping Belle 4*","robots":{"index":"noindex","follow":"follow"},"og_locale":"es_ES","og_type":"article","og_title":"T\u00c9RMINOS LEGALES - H\u00f4tel Sleeping Belle 4*","og_description":"T\u00c9RMINOS LEGALES HEBERGEUR AMENAdresse : AMEN SASU, 12-14, Rond-Point des Champs-\u00c9lys\u00e9es, 75008 Paris Tel : 0 811 88 77 66E-mail : rubrique \u00ab Contactez-nous \u00bb du sitewww.amen.fr RESPONSABLE DES INFORMATIONS DE CE SITE INTERNET Sleeping BelleAdresse postale : 234 rue de Bercy 75012 Paris \u2013 FranceAdresse mail : bonjour@sleepingbelle.comCapital Social : 106 714.31\u20acRCS : Paris [&hellip;]","og_url":"https:\/\/www.hotelsleepingbelle.com\/es\/terminos-legales\/","og_site_name":"H\u00f4tel Sleeping Belle 4*","article_modified_time":"2022-11-23T14:02:47+00:00","twitter_card":"summary_large_image","twitter_misc":{"Tiempo de lectura":"1 minuto"},"schema":{"@context":"https:\/\/schema.org","@graph":[{"@type":"WebPage","@id":"https:\/\/www.hotelsleepingbelle.com\/es\/terminos-legales\/","url":"https:\/\/www.hotelsleepingbelle.com\/es\/terminos-legales\/","name":"T\u00c9RMINOS LEGALES - H\u00f4tel Sleeping Belle 4*","isPartOf":{"@id":"https:\/\/www.hotelsleepingbelle.com\/es\/#website"},"datePublished":"2022-02-15T15:00:38+00:00","dateModified":"2022-11-23T14:02:47+00:00","breadcrumb":{"@id":"https:\/\/www.hotelsleepingbelle.com\/es\/terminos-legales\/#breadcrumb"},"inLanguage":"es","potentialAction":[{"@type":"ReadAction","target":["https:\/\/www.hotelsleepingbelle.com\/es\/terminos-legales\/"]}]},{"@type":"BreadcrumbList","@id":"https:\/\/www.hotelsleepingbelle.com\/es\/terminos-legales\/#breadcrumb","itemListElement":[{"@type":"ListItem","position":1,"name":"Accueil","item":"https:\/\/www.hotelsleepingbelle.com\/es\/"},{"@type":"ListItem","position":2,"name":"T\u00c9RMINOS LEGALES"}]},{"@type":"WebSite","@id":"https:\/\/www.hotelsleepingbelle.com\/es\/#website","url":"https:\/\/www.hotelsleepingbelle.com\/es\/","name":"H\u00f4tel Sleeping Belle 4*","description":"","potentialAction":[{"@type":"SearchAction","target":{"@type":"EntryPoint","urlTemplate":"https:\/\/www.hotelsleepingbelle.com\/es\/?s={search_term_string}"},"query-input":"required name=search_term_string"}],"inLanguage":"es"}]}},"_links":{"self":[{"href":"https:\/\/www.hotelsleepingbelle.com\/es\/wp-json\/wp\/v2\/pages\/13747"}],"collection":[{"href":"https:\/\/www.hotelsleepingbelle.com\/es\/wp-json\/wp\/v2\/pages"}],"about":[{"href":"https:\/\/www.hotelsleepingbelle.com\/es\/wp-json\/wp\/v2\/types\/page"}],"author":[{"embeddable":true,"href":"https:\/\/www.hotelsleepingbelle.com\/es\/wp-json\/wp\/v2\/users\/1"}],"replies":[{"embeddable":true,"href":"https:\/\/www.hotelsleepingbelle.com\/es\/wp-json\/wp\/v2\/comments?post=13747"}],"version-history":[{"count":33,"href":"https:\/\/www.hotelsleepingbelle.com\/es\/wp-json\/wp\/v2\/pages\/13747\/revisions"}],"predecessor-version":[{"id":17584,"href":"https:\/\/www.hotelsleepingbelle.com\/es\/wp-json\/wp\/v2\/pages\/13747\/revisions\/17584"}],"wp:attachment":[{"href":"https:\/\/www.hotelsleepingbelle.com\/es\/wp-json\/wp\/v2\/media?parent=13747"}],"curies":[{"name":"wp","href":"https:\/\/api.w.org\/{rel}","templated":true}]}}