{"id":13753,"date":"2022-02-15T16:06:29","date_gmt":"2022-02-15T15:06:29","guid":{"rendered":"https:\/\/www.hotelsleepingbelle.com\/protection-des-donnees-personnelles\/"},"modified":"2022-11-23T15:04:59","modified_gmt":"2022-11-23T14:04:59","slug":"politica-de-privacidad","status":"publish","type":"page","link":"https:\/\/www.hotelsleepingbelle.com\/es\/politica-de-privacidad\/","title":{"rendered":"POL\u00cdTICA DE PRIVACIDAD"},"content":{"rendered":"\t\t<div data-elementor-type=\"wp-page\" data-elementor-id=\"13753\" class=\"elementor elementor-13753 elementor-4879\">\n\t\t\t\t\t\t<section class=\"elementor-section elementor-top-section elementor-element elementor-element-e508820 elementor-section-boxed elementor-section-height-default elementor-section-height-default qodef-elementor-content-no\" data-id=\"e508820\" data-element_type=\"section\">\n\t\t\t\t\t\t<div class=\"elementor-container elementor-column-gap-default\">\n\t\t\t\t\t<div class=\"elementor-column elementor-col-100 elementor-top-column elementor-element elementor-element-f75fb5e\" data-id=\"f75fb5e\" data-element_type=\"column\" data-settings=\"{&quot;background_background&quot;:&quot;classic&quot;}\">\n\t\t\t<div class=\"elementor-widget-wrap elementor-element-populated\">\n\t\t\t\t\t\t<div class=\"elementor-element elementor-element-e1d72fe elementor-widget elementor-widget-heading\" data-id=\"e1d72fe\" data-element_type=\"widget\" data-widget_type=\"heading.default\">\n\t\t\t\t<div class=\"elementor-widget-container\">\n\t\t\t<style>\/*! elementor - v3.23.0 - 05-08-2024 *\/\n.elementor-heading-title{padding:0;margin:0;line-height:1}.elementor-widget-heading .elementor-heading-title[class*=elementor-size-]>a{color:inherit;font-size:inherit;line-height:inherit}.elementor-widget-heading .elementor-heading-title.elementor-size-small{font-size:15px}.elementor-widget-heading .elementor-heading-title.elementor-size-medium{font-size:19px}.elementor-widget-heading .elementor-heading-title.elementor-size-large{font-size:29px}.elementor-widget-heading .elementor-heading-title.elementor-size-xl{font-size:39px}.elementor-widget-heading .elementor-heading-title.elementor-size-xxl{font-size:59px}<\/style><h2 class=\"elementor-heading-title elementor-size-default\">POL\u00cdTICA DE PRIVACIDAD<\/h2>\t\t<\/div>\n\t\t\t\t<\/div>\n\t\t\t\t<div class=\"elementor-element elementor-element-66735ce elementor-widget elementor-widget-text-editor\" data-id=\"66735ce\" data-element_type=\"widget\" data-widget_type=\"text-editor.default\">\n\t\t\t\t<div class=\"elementor-widget-container\">\n\t\t\t<style>\/*! elementor - v3.23.0 - 05-08-2024 *\/\n.elementor-widget-text-editor.elementor-drop-cap-view-stacked .elementor-drop-cap{background-color:#69727d;color:#fff}.elementor-widget-text-editor.elementor-drop-cap-view-framed .elementor-drop-cap{color:#69727d;border:3px solid;background-color:transparent}.elementor-widget-text-editor:not(.elementor-drop-cap-view-default) .elementor-drop-cap{margin-top:8px}.elementor-widget-text-editor:not(.elementor-drop-cap-view-default) .elementor-drop-cap-letter{width:1em;height:1em}.elementor-widget-text-editor .elementor-drop-cap{float:left;text-align:center;line-height:1;font-size:50px}.elementor-widget-text-editor .elementor-drop-cap-letter{display:inline-block}<\/style>\t\t\t\t<p>Estimado cliente,<\/p><p>Como sabr\u00e1s, el nuevo Reglamento Europeo de Protecci\u00f3n de Datos Personales (RGPD) entr\u00f3 en vigor en mayo de 2018. Este reglamento, que refuerza la protecci\u00f3n de datos de los ciudadanos de la Uni\u00f3n Europea, permite a las personas ser informadas sobre el uso de sus datos personales, y controlarlos dando su consentimiento u oponi\u00e9ndose al tratamiento de sus datos.<\/p><p>Como hotel responsable y transparente, Sleeping Belle ha tomado todas las medidas para garantizar que sus datos se utilicen de forma respetuosa con la privacidad. Tambi\u00e9n hemos puesto todos los medios para garantizar la confidencialidad de sus datos personales y el acceso a sus datos est\u00e1 estrictamente limitado.<br \/>Nos comprometemos a no vender, alquilar, transferir o dar acceso a terceros a sus datos sin su consentimiento previo, a menos que estemos obligados a hacerlo por una raz\u00f3n leg\u00edtima (obligaci\u00f3n legal, lucha contra el fraude o el abuso, ejercicio de los derechos de defensa, etc.).<\/p><p>S\u00f3lo utilizamos sus datos en la medida en que sea necesario: para ponernos en contacto con usted, para garantizar el tratamiento de sus solicitudes, para asegurar la ejecuci\u00f3n de nuestros servicios, para comprobar la validez de la informaci\u00f3n necesaria para el pago, para enviarle nuestras noticias, nuestras ofertas especiales, etc.<\/p><p>No obstante, si no desea seguir recibiendo nuestra informaci\u00f3n ni intervenir de ning\u00fan modo con sus datos personales, tiene los siguientes derechos:<br \/>\u27a2 Derecho a solicitar el acceso a sus datos<br \/>\u27a2 El derecho a rectificar o actualizar sus datos<br \/>\u27a2 Derecho a eliminar sus datos o a restringir su tratamiento, dentro de los l\u00edmites legales<br \/>\u27a2 Derecho a oponerse al tratamiento de sus datos y a la comercializaci\u00f3n directa<br \/>\u27a2 El derecho a la portabilidad de sus datos.<\/p><p>Para ejercer estos derechos, basta con notificarlo a la siguiente direcci\u00f3n: Hotel Sleeping Belle, 234 rue de Bercy, 75012 Par\u00eds, Tel: +33(0)1 43 43 77 77 o por correo electr\u00f3nico: contact@elyseegaredelyon.com<\/p><p>Responderemos lo antes posible a su solicitud y haremos todo lo necesario para respetar la confianza que ha depositado en nosotros.<\/p>\t\t\t\t\t\t<\/div>\n\t\t\t\t<\/div>\n\t\t\t\t\t<\/div>\n\t\t<\/div>\n\t\t\t\t\t<\/div>\n\t\t<\/section>\n\t\t\t\t<\/div>\n\t\t","protected":false},"excerpt":{"rendered":"<p>POL\u00cdTICA DE PRIVACIDAD Estimado cliente, Como sabr\u00e1s, el nuevo Reglamento Europeo de Protecci\u00f3n de Datos Personales (RGPD) entr\u00f3 en vigor en mayo de 2018. Este reglamento, que refuerza la protecci\u00f3n de datos de los ciudadanos de la Uni\u00f3n Europea, permite a las personas ser informadas sobre el uso de sus datos personales, y controlarlos dando [&hellip;]<\/p>\n","protected":false},"author":1,"featured_media":0,"parent":0,"menu_order":100,"comment_status":"closed","ping_status":"closed","template":"","meta":[],"yoast_head":"<!-- This site is optimized with the Yoast SEO plugin v19.10 - https:\/\/yoast.com\/wordpress\/plugins\/seo\/ -->\n<title>POL\u00cdTICA DE PRIVACIDAD - H\u00f4tel Sleeping Belle 4*<\/title>\n<meta name=\"robots\" content=\"index, follow, max-snippet:-1, max-image-preview:large, max-video-preview:-1\" \/>\n<link rel=\"canonical\" href=\"https:\/\/www.hotelsleepingbelle.com\/es\/politica-de-privacidad\/\" \/>\n<meta property=\"og:locale\" content=\"es_ES\" \/>\n<meta property=\"og:type\" content=\"article\" \/>\n<meta property=\"og:title\" content=\"POL\u00cdTICA DE PRIVACIDAD - H\u00f4tel Sleeping Belle 4*\" \/>\n<meta property=\"og:description\" content=\"POL\u00cdTICA DE PRIVACIDAD Estimado cliente, Como sabr\u00e1s, el nuevo Reglamento Europeo de Protecci\u00f3n de Datos Personales (RGPD) entr\u00f3 en vigor en mayo de 2018. Este reglamento, que refuerza la protecci\u00f3n de datos de los ciudadanos de la Uni\u00f3n Europea, permite a las personas ser informadas sobre el uso de sus datos personales, y controlarlos dando [&hellip;]\" \/>\n<meta property=\"og:url\" content=\"https:\/\/www.hotelsleepingbelle.com\/es\/politica-de-privacidad\/\" \/>\n<meta property=\"og:site_name\" content=\"H\u00f4tel Sleeping Belle 4*\" \/>\n<meta property=\"article:modified_time\" content=\"2022-11-23T14:04:59+00:00\" \/>\n<meta name=\"twitter:card\" content=\"summary_large_image\" \/>\n<meta name=\"twitter:label1\" content=\"Tiempo de lectura\" \/>\n\t<meta name=\"twitter:data1\" content=\"2 minutos\" \/>\n<script type=\"application\/ld+json\" class=\"yoast-schema-graph\">{\"@context\":\"https:\/\/schema.org\",\"@graph\":[{\"@type\":\"WebPage\",\"@id\":\"https:\/\/www.hotelsleepingbelle.com\/es\/politica-de-privacidad\/\",\"url\":\"https:\/\/www.hotelsleepingbelle.com\/es\/politica-de-privacidad\/\",\"name\":\"POL\u00cdTICA DE PRIVACIDAD - H\u00f4tel Sleeping Belle 4*\",\"isPartOf\":{\"@id\":\"https:\/\/www.hotelsleepingbelle.com\/es\/#website\"},\"datePublished\":\"2022-02-15T15:06:29+00:00\",\"dateModified\":\"2022-11-23T14:04:59+00:00\",\"breadcrumb\":{\"@id\":\"https:\/\/www.hotelsleepingbelle.com\/es\/politica-de-privacidad\/#breadcrumb\"},\"inLanguage\":\"es\",\"potentialAction\":[{\"@type\":\"ReadAction\",\"target\":[\"https:\/\/www.hotelsleepingbelle.com\/es\/politica-de-privacidad\/\"]}]},{\"@type\":\"BreadcrumbList\",\"@id\":\"https:\/\/www.hotelsleepingbelle.com\/es\/politica-de-privacidad\/#breadcrumb\",\"itemListElement\":[{\"@type\":\"ListItem\",\"position\":1,\"name\":\"Accueil\",\"item\":\"https:\/\/www.hotelsleepingbelle.com\/es\/\"},{\"@type\":\"ListItem\",\"position\":2,\"name\":\"POL\u00cdTICA DE PRIVACIDAD\"}]},{\"@type\":\"WebSite\",\"@id\":\"https:\/\/www.hotelsleepingbelle.com\/es\/#website\",\"url\":\"https:\/\/www.hotelsleepingbelle.com\/es\/\",\"name\":\"H\u00f4tel Sleeping Belle 4*\",\"description\":\"\",\"potentialAction\":[{\"@type\":\"SearchAction\",\"target\":{\"@type\":\"EntryPoint\",\"urlTemplate\":\"https:\/\/www.hotelsleepingbelle.com\/es\/?s={search_term_string}\"},\"query-input\":\"required name=search_term_string\"}],\"inLanguage\":\"es\"}]}<\/script>\n<!-- \/ Yoast SEO plugin. -->","yoast_head_json":{"title":"POL\u00cdTICA DE PRIVACIDAD - H\u00f4tel Sleeping Belle 4*","robots":{"index":"index","follow":"follow","max-snippet":"max-snippet:-1","max-image-preview":"max-image-preview:large","max-video-preview":"max-video-preview:-1"},"canonical":"https:\/\/www.hotelsleepingbelle.com\/es\/politica-de-privacidad\/","og_locale":"es_ES","og_type":"article","og_title":"POL\u00cdTICA DE PRIVACIDAD - H\u00f4tel Sleeping Belle 4*","og_description":"POL\u00cdTICA DE PRIVACIDAD Estimado cliente, Como sabr\u00e1s, el nuevo Reglamento Europeo de Protecci\u00f3n de Datos Personales (RGPD) entr\u00f3 en vigor en mayo de 2018. Este reglamento, que refuerza la protecci\u00f3n de datos de los ciudadanos de la Uni\u00f3n Europea, permite a las personas ser informadas sobre el uso de sus datos personales, y controlarlos dando [&hellip;]","og_url":"https:\/\/www.hotelsleepingbelle.com\/es\/politica-de-privacidad\/","og_site_name":"H\u00f4tel Sleeping Belle 4*","article_modified_time":"2022-11-23T14:04:59+00:00","twitter_card":"summary_large_image","twitter_misc":{"Tiempo de lectura":"2 minutos"},"schema":{"@context":"https:\/\/schema.org","@graph":[{"@type":"WebPage","@id":"https:\/\/www.hotelsleepingbelle.com\/es\/politica-de-privacidad\/","url":"https:\/\/www.hotelsleepingbelle.com\/es\/politica-de-privacidad\/","name":"POL\u00cdTICA DE PRIVACIDAD - H\u00f4tel Sleeping Belle 4*","isPartOf":{"@id":"https:\/\/www.hotelsleepingbelle.com\/es\/#website"},"datePublished":"2022-02-15T15:06:29+00:00","dateModified":"2022-11-23T14:04:59+00:00","breadcrumb":{"@id":"https:\/\/www.hotelsleepingbelle.com\/es\/politica-de-privacidad\/#breadcrumb"},"inLanguage":"es","potentialAction":[{"@type":"ReadAction","target":["https:\/\/www.hotelsleepingbelle.com\/es\/politica-de-privacidad\/"]}]},{"@type":"BreadcrumbList","@id":"https:\/\/www.hotelsleepingbelle.com\/es\/politica-de-privacidad\/#breadcrumb","itemListElement":[{"@type":"ListItem","position":1,"name":"Accueil","item":"https:\/\/www.hotelsleepingbelle.com\/es\/"},{"@type":"ListItem","position":2,"name":"POL\u00cdTICA DE PRIVACIDAD"}]},{"@type":"WebSite","@id":"https:\/\/www.hotelsleepingbelle.com\/es\/#website","url":"https:\/\/www.hotelsleepingbelle.com\/es\/","name":"H\u00f4tel Sleeping Belle 4*","description":"","potentialAction":[{"@type":"SearchAction","target":{"@type":"EntryPoint","urlTemplate":"https:\/\/www.hotelsleepingbelle.com\/es\/?s={search_term_string}"},"query-input":"required name=search_term_string"}],"inLanguage":"es"}]}},"_links":{"self":[{"href":"https:\/\/www.hotelsleepingbelle.com\/es\/wp-json\/wp\/v2\/pages\/13753"}],"collection":[{"href":"https:\/\/www.hotelsleepingbelle.com\/es\/wp-json\/wp\/v2\/pages"}],"about":[{"href":"https:\/\/www.hotelsleepingbelle.com\/es\/wp-json\/wp\/v2\/types\/page"}],"author":[{"embeddable":true,"href":"https:\/\/www.hotelsleepingbelle.com\/es\/wp-json\/wp\/v2\/users\/1"}],"replies":[{"embeddable":true,"href":"https:\/\/www.hotelsleepingbelle.com\/es\/wp-json\/wp\/v2\/comments?post=13753"}],"version-history":[{"count":25,"href":"https:\/\/www.hotelsleepingbelle.com\/es\/wp-json\/wp\/v2\/pages\/13753\/revisions"}],"predecessor-version":[{"id":17592,"href":"https:\/\/www.hotelsleepingbelle.com\/es\/wp-json\/wp\/v2\/pages\/13753\/revisions\/17592"}],"wp:attachment":[{"href":"https:\/\/www.hotelsleepingbelle.com\/es\/wp-json\/wp\/v2\/media?parent=13753"}],"curies":[{"name":"wp","href":"https:\/\/api.w.org\/{rel}","templated":true}]}}