{"id":13756,"date":"2022-02-15T15:39:54","date_gmt":"2022-02-15T14:39:54","guid":{"rendered":"https:\/\/www.hotelsleepingbelle.com\/reglement-de-lhotel\/"},"modified":"2022-11-08T16:50:50","modified_gmt":"2022-11-08T15:50:50","slug":"reglamento-del-hotel","status":"publish","type":"page","link":"https:\/\/www.hotelsleepingbelle.com\/es\/reglamento-del-hotel\/","title":{"rendered":"REGLAMENTO DEL HOTEL"},"content":{"rendered":"\t\t<div data-elementor-type=\"wp-page\" data-elementor-id=\"13756\" class=\"elementor elementor-13756 elementor-4820\">\n\t\t\t\t\t\t<section class=\"elementor-section elementor-top-section elementor-element elementor-element-dc81aa2 elementor-section-boxed elementor-section-height-default elementor-section-height-default qodef-elementor-content-no\" data-id=\"dc81aa2\" data-element_type=\"section\">\n\t\t\t\t\t\t<div class=\"elementor-container elementor-column-gap-default\">\n\t\t\t\t\t<div class=\"elementor-column elementor-col-100 elementor-top-column elementor-element elementor-element-38ecff8\" data-id=\"38ecff8\" data-element_type=\"column\" data-settings=\"{&quot;background_background&quot;:&quot;classic&quot;}\">\n\t\t\t<div class=\"elementor-widget-wrap elementor-element-populated\">\n\t\t\t\t\t\t<div class=\"elementor-element elementor-element-062f29c elementor-widget elementor-widget-heading\" data-id=\"062f29c\" data-element_type=\"widget\" data-widget_type=\"heading.default\">\n\t\t\t\t<div class=\"elementor-widget-container\">\n\t\t\t<style>\/*! elementor - v3.23.0 - 05-08-2024 *\/\n.elementor-heading-title{padding:0;margin:0;line-height:1}.elementor-widget-heading .elementor-heading-title[class*=elementor-size-]>a{color:inherit;font-size:inherit;line-height:inherit}.elementor-widget-heading .elementor-heading-title.elementor-size-small{font-size:15px}.elementor-widget-heading .elementor-heading-title.elementor-size-medium{font-size:19px}.elementor-widget-heading .elementor-heading-title.elementor-size-large{font-size:29px}.elementor-widget-heading .elementor-heading-title.elementor-size-xl{font-size:39px}.elementor-widget-heading .elementor-heading-title.elementor-size-xxl{font-size:59px}<\/style><h2 class=\"elementor-heading-title elementor-size-default\">REGLAMENTO DEL HOTEL<\/h2>\t\t<\/div>\n\t\t\t\t<\/div>\n\t\t\t\t<div class=\"elementor-element elementor-element-7393d09 elementor-widget elementor-widget-heading\" data-id=\"7393d09\" data-element_type=\"widget\" data-widget_type=\"heading.default\">\n\t\t\t\t<div class=\"elementor-widget-container\">\n\t\t\t<h4 class=\"elementor-heading-title elementor-size-default\">A SAVOIR<\/h4>\t\t<\/div>\n\t\t\t\t<\/div>\n\t\t\t\t<div class=\"elementor-element elementor-element-d247494 elementor-widget elementor-widget-text-editor\" data-id=\"d247494\" data-element_type=\"widget\" data-widget_type=\"text-editor.default\">\n\t\t\t\t<div class=\"elementor-widget-container\">\n\t\t\t<style>\/*! elementor - v3.23.0 - 05-08-2024 *\/\n.elementor-widget-text-editor.elementor-drop-cap-view-stacked .elementor-drop-cap{background-color:#69727d;color:#fff}.elementor-widget-text-editor.elementor-drop-cap-view-framed .elementor-drop-cap{color:#69727d;border:3px solid;background-color:transparent}.elementor-widget-text-editor:not(.elementor-drop-cap-view-default) .elementor-drop-cap{margin-top:8px}.elementor-widget-text-editor:not(.elementor-drop-cap-view-default) .elementor-drop-cap-letter{width:1em;height:1em}.elementor-widget-text-editor .elementor-drop-cap{float:left;text-align:center;line-height:1;font-size:50px}.elementor-widget-text-editor .elementor-drop-cap-letter{display:inline-block}<\/style>\t\t\t\t<p>\u00c0 votre arriv\u00e9e, vous devrez pr\u00e9senter la carte de cr\u00e9dit utilis\u00e9e pour la r\u00e9servation.<br \/>Vous devrez pr\u00e9senter une pi\u00e8ce d\u2019identit\u00e9 avec photo et une carte de cr\u00e9dit lors de l\u2019enregistrement. Veuillez noter que toutes les demandes sp\u00e9ciales seront satisfaites sous r\u00e9serve de disponibilit\u00e9 et pourront entra\u00eener des frais suppl\u00e9mentaires.<br \/>Un d\u00e9p\u00f4t de garantie d\u2019un montant de EUR 100 est demand\u00e9 \u00e0 l\u2019arriv\u00e9e. Il devra \u00eatre pay\u00e9 par carte de cr\u00e9dit. Le remboursement devrait \u00eatre effectu\u00e9 dans les 7 jours qui suivent votre d\u00e9part. Le d\u00e9p\u00f4t de garantie vous sera enti\u00e8rement rembours\u00e9 sur votre carte de cr\u00e9dit, si aucun dommage n\u2019a \u00e9t\u00e9 constat\u00e9 par l\u2019\u00e9tablissement.<\/p>\t\t\t\t\t\t<\/div>\n\t\t\t\t<\/div>\n\t\t\t\t<div class=\"elementor-element elementor-element-77b3f1a elementor-widget elementor-widget-heading\" data-id=\"77b3f1a\" data-element_type=\"widget\" data-widget_type=\"heading.default\">\n\t\t\t\t<div class=\"elementor-widget-container\">\n\t\t\t<h4 class=\"elementor-heading-title elementor-size-default\">THE FINE PRINT<\/h4>\t\t<\/div>\n\t\t\t\t<\/div>\n\t\t\t\t<div class=\"elementor-element elementor-element-1366276 elementor-widget elementor-widget-text-editor\" data-id=\"1366276\" data-element_type=\"widget\" data-widget_type=\"text-editor.default\">\n\t\t\t\t<div class=\"elementor-widget-container\">\n\t\t\t\t\t\t\t<p>Please note that upon arrival, guests must present the credit card used for reservation.<br \/>Guests are required to show a photo identification and credit card upon check-in. Please note that all Special Requests are subject to availability and additional charges may apply.<br \/>A damage deposit of EUR 100 is required on arrival. This will be collected by credit card. You should be reimbursed within 7 days of check-out. Your deposit will be refunded in full via credit card, subject to an inspection of the property.<\/p>\t\t\t\t\t\t<\/div>\n\t\t\t\t<\/div>\n\t\t\t\t<div class=\"elementor-element elementor-element-5a95be7 elementor-widget elementor-widget-heading\" data-id=\"5a95be7\" data-element_type=\"widget\" data-widget_type=\"heading.default\">\n\t\t\t\t<div class=\"elementor-widget-container\">\n\t\t\t<h4 class=\"elementor-heading-title elementor-size-default\">DA SAPERE<\/h4>\t\t<\/div>\n\t\t\t\t<\/div>\n\t\t\t\t<div class=\"elementor-element elementor-element-57e1e23 elementor-widget elementor-widget-text-editor\" data-id=\"57e1e23\" data-element_type=\"widget\" data-widget_type=\"text-editor.default\">\n\t\t\t\t<div class=\"elementor-widget-container\">\n\t\t\t\t\t\t\t<p>All\u2019arrivo dovrete presentare la carta di credito utilizzata per la prenotazione.<br \/>Al check-in gli ospiti devono esibire un documento d\u2019identit\u00e0 con foto e una carta di credito. Siete pregati di notare che le Richieste Speciali sono soggette a disponibilit\u00e0, e potrebbero comportare l\u2019addebito di un supplemento.<br \/>\u00c8 richiesto un deposito cauzionale di EUR 100 all\u2019arrivo. Dovrai pagarlo con la carta di credito. Dovresti ricevere il rimborso entro 7 giorni dal check-out. Il deposito ti sar\u00e0 rimborsato per intero sulla carta di credito dopo una verifica dello stato dell\u2019alloggio.<\/p>\t\t\t\t\t\t<\/div>\n\t\t\t\t<\/div>\n\t\t\t\t<div class=\"elementor-element elementor-element-3ff3586 elementor-widget elementor-widget-heading\" data-id=\"3ff3586\" data-element_type=\"widget\" data-widget_type=\"heading.default\">\n\t\t\t\t<div class=\"elementor-widget-container\">\n\t\t\t<h4 class=\"elementor-heading-title elementor-size-default\">KLEINGEDRUCKTES<\/h4>\t\t<\/div>\n\t\t\t\t<\/div>\n\t\t\t\t<div class=\"elementor-element elementor-element-97e02ff elementor-widget elementor-widget-text-editor\" data-id=\"97e02ff\" data-element_type=\"widget\" data-widget_type=\"text-editor.default\">\n\t\t\t\t<div class=\"elementor-widget-container\">\n\t\t\t\t\t\t\t<p>Bei Ankunft ist die zur Buchung verwendete Kreditkarte vorzulegen. Beim Check-in m\u00fcssen Sie einen Lichtbildausweis sowie die Kreditkarte vorlegen. Sonderw\u00fcnsche unterliegen der Verf\u00fcgbarkeit und sind gegebenenfalls mit einem Aufpreis verbunden. Bei der Ankunft ist eine Schadenskaution von EUR 100 erforderlich. Sie wird per Kreditkarte hinterlegt. Sie erhalten die Erstattung in der Regel innerhalb von 7 Tagen nach der Abreise. Die Schadenskaution wird Ihnen in voller H\u00f6heauf Ihre Kreditkarte zur\u00fcckerstattet, nachdem die Unterkunft \u00fcberpr\u00fcft wurde und keine Sch\u00e4den festgestellt wurden.<\/p>\t\t\t\t\t\t<\/div>\n\t\t\t\t<\/div>\n\t\t\t\t\t<\/div>\n\t\t<\/div>\n\t\t\t\t\t<\/div>\n\t\t<\/section>\n\t\t\t\t<\/div>\n\t\t","protected":false},"excerpt":{"rendered":"<p>REGLAMENTO DEL HOTEL A SAVOIR \u00c0 votre arriv\u00e9e, vous devrez pr\u00e9senter la carte de cr\u00e9dit utilis\u00e9e pour la r\u00e9servation.Vous devrez pr\u00e9senter une pi\u00e8ce d\u2019identit\u00e9 avec photo et une carte de cr\u00e9dit lors de l\u2019enregistrement. Veuillez noter que toutes les demandes sp\u00e9ciales seront satisfaites sous r\u00e9serve de disponibilit\u00e9 et pourront entra\u00eener des frais suppl\u00e9mentaires.Un d\u00e9p\u00f4t de [&hellip;]<\/p>\n","protected":false},"author":1,"featured_media":0,"parent":0,"menu_order":97,"comment_status":"closed","ping_status":"closed","template":"","meta":[],"yoast_head":"<!-- This site is optimized with the Yoast SEO plugin v19.10 - https:\/\/yoast.com\/wordpress\/plugins\/seo\/ -->\n<title>REGLAMENTO DEL HOTEL - H\u00f4tel Sleeping Belle 4*<\/title>\n<meta name=\"robots\" content=\"index, follow, max-snippet:-1, max-image-preview:large, max-video-preview:-1\" \/>\n<link rel=\"canonical\" href=\"https:\/\/www.hotelsleepingbelle.com\/es\/reglamento-del-hotel\/\" \/>\n<meta property=\"og:locale\" content=\"es_ES\" \/>\n<meta property=\"og:type\" content=\"article\" \/>\n<meta property=\"og:title\" content=\"REGLAMENTO DEL HOTEL - H\u00f4tel Sleeping Belle 4*\" \/>\n<meta property=\"og:description\" content=\"REGLAMENTO DEL HOTEL A SAVOIR \u00c0 votre arriv\u00e9e, vous devrez pr\u00e9senter la carte de cr\u00e9dit utilis\u00e9e pour la r\u00e9servation.Vous devrez pr\u00e9senter une pi\u00e8ce d\u2019identit\u00e9 avec photo et une carte de cr\u00e9dit lors de l\u2019enregistrement. Veuillez noter que toutes les demandes sp\u00e9ciales seront satisfaites sous r\u00e9serve de disponibilit\u00e9 et pourront entra\u00eener des frais suppl\u00e9mentaires.Un d\u00e9p\u00f4t de [&hellip;]\" \/>\n<meta property=\"og:url\" content=\"https:\/\/www.hotelsleepingbelle.com\/es\/reglamento-del-hotel\/\" \/>\n<meta property=\"og:site_name\" content=\"H\u00f4tel Sleeping Belle 4*\" \/>\n<meta property=\"article:modified_time\" content=\"2022-11-08T15:50:50+00:00\" \/>\n<meta name=\"twitter:card\" content=\"summary_large_image\" \/>\n<meta name=\"twitter:label1\" content=\"Tiempo de lectura\" \/>\n\t<meta name=\"twitter:data1\" content=\"2 minutos\" \/>\n<script type=\"application\/ld+json\" class=\"yoast-schema-graph\">{\"@context\":\"https:\/\/schema.org\",\"@graph\":[{\"@type\":\"WebPage\",\"@id\":\"https:\/\/www.hotelsleepingbelle.com\/es\/reglamento-del-hotel\/\",\"url\":\"https:\/\/www.hotelsleepingbelle.com\/es\/reglamento-del-hotel\/\",\"name\":\"REGLAMENTO DEL HOTEL - H\u00f4tel Sleeping Belle 4*\",\"isPartOf\":{\"@id\":\"https:\/\/www.hotelsleepingbelle.com\/es\/#website\"},\"datePublished\":\"2022-02-15T14:39:54+00:00\",\"dateModified\":\"2022-11-08T15:50:50+00:00\",\"breadcrumb\":{\"@id\":\"https:\/\/www.hotelsleepingbelle.com\/es\/reglamento-del-hotel\/#breadcrumb\"},\"inLanguage\":\"es\",\"potentialAction\":[{\"@type\":\"ReadAction\",\"target\":[\"https:\/\/www.hotelsleepingbelle.com\/es\/reglamento-del-hotel\/\"]}]},{\"@type\":\"BreadcrumbList\",\"@id\":\"https:\/\/www.hotelsleepingbelle.com\/es\/reglamento-del-hotel\/#breadcrumb\",\"itemListElement\":[{\"@type\":\"ListItem\",\"position\":1,\"name\":\"Accueil\",\"item\":\"https:\/\/www.hotelsleepingbelle.com\/es\/\"},{\"@type\":\"ListItem\",\"position\":2,\"name\":\"REGLAMENTO DEL HOTEL\"}]},{\"@type\":\"WebSite\",\"@id\":\"https:\/\/www.hotelsleepingbelle.com\/es\/#website\",\"url\":\"https:\/\/www.hotelsleepingbelle.com\/es\/\",\"name\":\"H\u00f4tel Sleeping Belle 4*\",\"description\":\"\",\"potentialAction\":[{\"@type\":\"SearchAction\",\"target\":{\"@type\":\"EntryPoint\",\"urlTemplate\":\"https:\/\/www.hotelsleepingbelle.com\/es\/?s={search_term_string}\"},\"query-input\":\"required name=search_term_string\"}],\"inLanguage\":\"es\"}]}<\/script>\n<!-- \/ Yoast SEO plugin. -->","yoast_head_json":{"title":"REGLAMENTO DEL HOTEL - H\u00f4tel Sleeping Belle 4*","robots":{"index":"index","follow":"follow","max-snippet":"max-snippet:-1","max-image-preview":"max-image-preview:large","max-video-preview":"max-video-preview:-1"},"canonical":"https:\/\/www.hotelsleepingbelle.com\/es\/reglamento-del-hotel\/","og_locale":"es_ES","og_type":"article","og_title":"REGLAMENTO DEL HOTEL - H\u00f4tel Sleeping Belle 4*","og_description":"REGLAMENTO DEL HOTEL A SAVOIR \u00c0 votre arriv\u00e9e, vous devrez pr\u00e9senter la carte de cr\u00e9dit utilis\u00e9e pour la r\u00e9servation.Vous devrez pr\u00e9senter une pi\u00e8ce d\u2019identit\u00e9 avec photo et une carte de cr\u00e9dit lors de l\u2019enregistrement. Veuillez noter que toutes les demandes sp\u00e9ciales seront satisfaites sous r\u00e9serve de disponibilit\u00e9 et pourront entra\u00eener des frais suppl\u00e9mentaires.Un d\u00e9p\u00f4t de [&hellip;]","og_url":"https:\/\/www.hotelsleepingbelle.com\/es\/reglamento-del-hotel\/","og_site_name":"H\u00f4tel Sleeping Belle 4*","article_modified_time":"2022-11-08T15:50:50+00:00","twitter_card":"summary_large_image","twitter_misc":{"Tiempo de lectura":"2 minutos"},"schema":{"@context":"https:\/\/schema.org","@graph":[{"@type":"WebPage","@id":"https:\/\/www.hotelsleepingbelle.com\/es\/reglamento-del-hotel\/","url":"https:\/\/www.hotelsleepingbelle.com\/es\/reglamento-del-hotel\/","name":"REGLAMENTO DEL HOTEL - H\u00f4tel Sleeping Belle 4*","isPartOf":{"@id":"https:\/\/www.hotelsleepingbelle.com\/es\/#website"},"datePublished":"2022-02-15T14:39:54+00:00","dateModified":"2022-11-08T15:50:50+00:00","breadcrumb":{"@id":"https:\/\/www.hotelsleepingbelle.com\/es\/reglamento-del-hotel\/#breadcrumb"},"inLanguage":"es","potentialAction":[{"@type":"ReadAction","target":["https:\/\/www.hotelsleepingbelle.com\/es\/reglamento-del-hotel\/"]}]},{"@type":"BreadcrumbList","@id":"https:\/\/www.hotelsleepingbelle.com\/es\/reglamento-del-hotel\/#breadcrumb","itemListElement":[{"@type":"ListItem","position":1,"name":"Accueil","item":"https:\/\/www.hotelsleepingbelle.com\/es\/"},{"@type":"ListItem","position":2,"name":"REGLAMENTO DEL HOTEL"}]},{"@type":"WebSite","@id":"https:\/\/www.hotelsleepingbelle.com\/es\/#website","url":"https:\/\/www.hotelsleepingbelle.com\/es\/","name":"H\u00f4tel Sleeping Belle 4*","description":"","potentialAction":[{"@type":"SearchAction","target":{"@type":"EntryPoint","urlTemplate":"https:\/\/www.hotelsleepingbelle.com\/es\/?s={search_term_string}"},"query-input":"required name=search_term_string"}],"inLanguage":"es"}]}},"_links":{"self":[{"href":"https:\/\/www.hotelsleepingbelle.com\/es\/wp-json\/wp\/v2\/pages\/13756"}],"collection":[{"href":"https:\/\/www.hotelsleepingbelle.com\/es\/wp-json\/wp\/v2\/pages"}],"about":[{"href":"https:\/\/www.hotelsleepingbelle.com\/es\/wp-json\/wp\/v2\/types\/page"}],"author":[{"embeddable":true,"href":"https:\/\/www.hotelsleepingbelle.com\/es\/wp-json\/wp\/v2\/users\/1"}],"replies":[{"embeddable":true,"href":"https:\/\/www.hotelsleepingbelle.com\/es\/wp-json\/wp\/v2\/comments?post=13756"}],"version-history":[{"count":16,"href":"https:\/\/www.hotelsleepingbelle.com\/es\/wp-json\/wp\/v2\/pages\/13756\/revisions"}],"predecessor-version":[{"id":14958,"href":"https:\/\/www.hotelsleepingbelle.com\/es\/wp-json\/wp\/v2\/pages\/13756\/revisions\/14958"}],"wp:attachment":[{"href":"https:\/\/www.hotelsleepingbelle.com\/es\/wp-json\/wp\/v2\/media?parent=13756"}],"curies":[{"name":"wp","href":"https:\/\/api.w.org\/{rel}","templated":true}]}}