{"id":13769,"date":"2022-02-16T10:44:27","date_gmt":"2022-02-16T09:44:27","guid":{"rendered":"https:\/\/www.hotelsleepingbelle.com\/wellness\/"},"modified":"2022-11-17T11:58:18","modified_gmt":"2022-11-17T10:58:18","slug":"bienestar-y-jacuzzi","status":"publish","type":"page","link":"https:\/\/www.hotelsleepingbelle.com\/es\/bienestar-y-jacuzzi\/","title":{"rendered":"BIENESTAR Y JACUZZI"},"content":{"rendered":"\t\t<div data-elementor-type=\"wp-page\" data-elementor-id=\"13769\" class=\"elementor elementor-13769\">\n\t\t\t\t\t\t<section class=\"elementor-section elementor-top-section elementor-element elementor-element-2f3872a elementor-section-full_width elementor-section-stretched elementor-section-height-default elementor-section-height-default qodef-elementor-content-no\" data-id=\"2f3872a\" data-element_type=\"section\" id=\"notre-jacuzzi\" data-settings=\"{&quot;stretch_section&quot;:&quot;section-stretched&quot;}\">\n\t\t\t\t\t\t<div class=\"elementor-container elementor-column-gap-default\">\n\t\t\t\t\t<div class=\"elementor-column elementor-col-66 elementor-top-column elementor-element elementor-element-cc329b1\" data-id=\"cc329b1\" data-element_type=\"column\">\n\t\t\t<div class=\"elementor-widget-wrap elementor-element-populated\">\n\t\t\t\t\t\t<div class=\"elementor-element elementor-element-2027718 elementor-widget elementor-widget-exad-exclusive-slider\" data-id=\"2027718\" data-element_type=\"widget\" data-widget_type=\"exad-exclusive-slider.default\">\n\t\t\t\t<div class=\"elementor-widget-container\">\n\t\t\t\t\t\t<div class=\"exad-slider  \" data-slider-nav=\"arrows\" data-slider-speed=\"1000\" data-direction=\"false\" data-autoplay=\"true\" data-autoplayspeed=\"5000\" data-loop=\"true\" data-centermode=\"true\" data-centermode-padding=\"90px\" data-dots-type=\"\">\n\t\t\t\t\t\t\t\t\t<div class=\"exad-each-slider-item elementor-repeater-item-d87fca8\" data-image=\"https:\/\/www.hotelsleepingbelle.com\/wp-content\/uploads\/2022\/02\/16A2939-hotel-elysee-gare-de-lyon-bd-scaled.jpg\">\n\n\t\t\t\t\t\t<div class=\"exad-slider-progressbar-inactive\"><\/div>\n                        \t\t\t\t\t\t<div class=\"exad-slide-bg\"><\/div>\n\n                        <div class=\"exad-slide-inner\">\n                            <div class=\"exad-slide-content exad-slide-content-title-background-\">\n                                \t\t\t    \t\t\t<\/div>\n\t\t    \t\t\t<\/div>\n\t\t    \t\t<\/div>\n\t\t\t\t\t\t\t\t\t<div class=\"exad-each-slider-item elementor-repeater-item-c8acc41\" data-image=\"https:\/\/www.hotelsleepingbelle.com\/wp-content\/uploads\/2022\/02\/16A2912-hotel-elysee-gare-de-lyon-bd-scaled.jpg\">\n\n\t\t\t\t\t\t<div class=\"exad-slider-progressbar-inactive\"><\/div>\n                        \t\t\t\t\t\t<div class=\"exad-slide-bg\"><\/div>\n\n                        <div class=\"exad-slide-inner\">\n                            <div class=\"exad-slide-content exad-slide-content-title-background-\">\n                                \t\t\t    \t\t\t<\/div>\n\t\t    \t\t\t<\/div>\n\t\t    \t\t<\/div>\n\t\t\t\t\t\t\t\t\t<div class=\"exad-each-slider-item elementor-repeater-item-cbd4fce\" data-image=\"https:\/\/www.hotelsleepingbelle.com\/wp-content\/uploads\/2022\/03\/hotel-elysee-gare-de-lyon0003.jpg\">\n\n\t\t\t\t\t\t<div class=\"exad-slider-progressbar-inactive\"><\/div>\n                        \t\t\t\t\t\t<div class=\"exad-slide-bg\"><\/div>\n\n                        <div class=\"exad-slide-inner\">\n                            <div class=\"exad-slide-content exad-slide-content-title-background-\">\n                                \t\t\t    \t\t\t<\/div>\n\t\t    \t\t\t<\/div>\n\t\t    \t\t<\/div>\n\t\t\t\t\t\t\t<\/div>\n\t\t\t\t<\/div>\n\t\t\t\t<\/div>\n\t\t\t\t\t<\/div>\n\t\t<\/div>\n\t\t\t\t<div class=\"elementor-column elementor-col-33 elementor-top-column elementor-element elementor-element-2afe098\" data-id=\"2afe098\" data-element_type=\"column\">\n\t\t\t<div class=\"elementor-widget-wrap elementor-element-populated\">\n\t\t\t\t\t\t<div class=\"elementor-element elementor-element-a46341d elementor-widget__width-inherit elementor-widget elementor-widget-heading\" data-id=\"a46341d\" data-element_type=\"widget\" data-widget_type=\"heading.default\">\n\t\t\t\t<div class=\"elementor-widget-container\">\n\t\t\t<style>\/*! elementor - v3.23.0 - 05-08-2024 *\/\n.elementor-heading-title{padding:0;margin:0;line-height:1}.elementor-widget-heading .elementor-heading-title[class*=elementor-size-]>a{color:inherit;font-size:inherit;line-height:inherit}.elementor-widget-heading .elementor-heading-title.elementor-size-small{font-size:15px}.elementor-widget-heading .elementor-heading-title.elementor-size-medium{font-size:19px}.elementor-widget-heading .elementor-heading-title.elementor-size-large{font-size:29px}.elementor-widget-heading .elementor-heading-title.elementor-size-xl{font-size:39px}.elementor-widget-heading .elementor-heading-title.elementor-size-xxl{font-size:59px}<\/style><h2 class=\"elementor-heading-title elementor-size-default\">\u00c1REA DE BIENESTAR<\/h2>\t\t<\/div>\n\t\t\t\t<\/div>\n\t\t\t\t<div class=\"elementor-element elementor-element-b32822c elementor-widget elementor-widget-heading\" data-id=\"b32822c\" data-element_type=\"widget\" data-widget_type=\"heading.default\">\n\t\t\t\t<div class=\"elementor-widget-container\">\n\t\t\t<h2 class=\"elementor-heading-title elementor-size-medium\">JACUZZI<\/h2>\t\t<\/div>\n\t\t\t\t<\/div>\n\t\t\t\t<div class=\"elementor-element elementor-element-e01734f elementor-widget elementor-widget-text-editor\" data-id=\"e01734f\" data-element_type=\"widget\" data-widget_type=\"text-editor.default\">\n\t\t\t\t<div class=\"elementor-widget-container\">\n\t\t\t<style>\/*! elementor - v3.23.0 - 05-08-2024 *\/\n.elementor-widget-text-editor.elementor-drop-cap-view-stacked .elementor-drop-cap{background-color:#69727d;color:#fff}.elementor-widget-text-editor.elementor-drop-cap-view-framed .elementor-drop-cap{color:#69727d;border:3px solid;background-color:transparent}.elementor-widget-text-editor:not(.elementor-drop-cap-view-default) .elementor-drop-cap{margin-top:8px}.elementor-widget-text-editor:not(.elementor-drop-cap-view-default) .elementor-drop-cap-letter{width:1em;height:1em}.elementor-widget-text-editor .elementor-drop-cap{float:left;text-align:center;line-height:1;font-size:50px}.elementor-widget-text-editor .elementor-drop-cap-letter{display:inline-block}<\/style>\t\t\t\t<p>Escala de relajaci\u00f3n en Sleeping Belle: reg\u00e1lese un momento dedicado al bienestar del cuerpo y de la mente en nuestra zona de Spa.<\/p><p>El \u00e1rea de Spa y bienestar, en un entorno totalmente nuevo que le permite hacer una verdadera pausa para alegrar su vida diaria y dejar espacio a la contemplaci\u00f3n. Podr\u00e1 desprenderse de todas sus preocupaciones al principio o al final del d\u00eda.<\/p><p>Espacio privatizable bajo reserva por 1 hora para dos personas.<\/p><p>Para cualquier otra duda, pregunte en la recepci\u00f3n.<\/p>\t\t\t\t\t\t<\/div>\n\t\t\t\t<\/div>\n\t\t\t\t<div class=\"elementor-element elementor-element-e23c22e elementor-widget elementor-widget-alloggio_core_button\" data-id=\"e23c22e\" data-element_type=\"widget\" data-widget_type=\"alloggio_core_button.default\">\n\t\t\t\t<div class=\"elementor-widget-container\">\n\t\t\t<a class=\"qodef-shortcode qodef-m  qodef-button qodef-layout--filled qodef-size--large qodef-html--link\" href=\"https:\/\/www.secure-hotel-booking.com\/smart\/Hotel-Elysee-Gare-de-Lyon\/2UD1\/fr\/\" target=\"_blank\" data-hover-color=\"#F7EFE6\" data-hover-background-color=\"#898F95\" style=\"color: #000000;background-color: #F7EFE6;border-color: #FFFFFF;font-weight: 600\">\n\t<span class=\"qodef-m-text\">Reservar mi sesi\u00f3n<\/span>\n\t<span class=\"qodef-m-background-holder\" style=\"background-color: #898F95\"><\/span>\n<\/a>\t\t<\/div>\n\t\t\t\t<\/div>\n\t\t\t\t\t<\/div>\n\t\t<\/div>\n\t\t\t\t\t<\/div>\n\t\t<\/section>\n\t\t\t\t<section class=\"elementor-section elementor-top-section elementor-element elementor-element-22c1f78 elementor-section-full_width elementor-section-stretched elementor-section-height-default elementor-section-height-default qodef-elementor-content-no\" data-id=\"22c1f78\" data-element_type=\"section\" id=\"bien-etre-massages\" data-settings=\"{&quot;stretch_section&quot;:&quot;section-stretched&quot;}\">\n\t\t\t\t\t\t<div class=\"elementor-container elementor-column-gap-default\">\n\t\t\t\t\t<div class=\"elementor-column elementor-col-33 elementor-top-column elementor-element elementor-element-0ace745\" data-id=\"0ace745\" data-element_type=\"column\">\n\t\t\t<div class=\"elementor-widget-wrap elementor-element-populated\">\n\t\t\t\t\t\t<div class=\"elementor-element elementor-element-720bdab elementor-widget elementor-widget-image\" data-id=\"720bdab\" data-element_type=\"widget\" data-widget_type=\"image.default\">\n\t\t\t\t<div class=\"elementor-widget-container\">\n\t\t\t<style>\/*! elementor - v3.23.0 - 05-08-2024 *\/\n.elementor-widget-image{text-align:center}.elementor-widget-image a{display:inline-block}.elementor-widget-image a img[src$=\".svg\"]{width:48px}.elementor-widget-image img{vertical-align:middle;display:inline-block}<\/style>\t\t\t\t\t\t\t\t\t\t<img src=\"https:\/\/www.hotelsleepingbelle.com\/wp-content\/uploads\/elementor\/thumbs\/hotel-elysee-gare-de-lyon0001-q5ajgu6ydfe5h3tfm86z7yayv4oh70jolc40e32i7k.jpg\" title=\"hotel-elysee-gare-de-lyon0001\" alt=\"hotel-elysee-gare-de-lyon0001\" loading=\"lazy\" \/>\t\t\t\t\t\t\t\t\t\t\t\t\t<\/div>\n\t\t\t\t<\/div>\n\t\t\t\t\t<\/div>\n\t\t<\/div>\n\t\t\t\t<div class=\"elementor-column elementor-col-33 elementor-top-column elementor-element elementor-element-38a8de8 text-center\" data-id=\"38a8de8\" data-element_type=\"column\">\n\t\t\t<div class=\"elementor-widget-wrap elementor-element-populated\">\n\t\t\t\t\t\t<div class=\"elementor-element elementor-element-bc5c972 elementor-widget elementor-widget-heading\" data-id=\"bc5c972\" data-element_type=\"widget\" data-widget_type=\"heading.default\">\n\t\t\t\t<div class=\"elementor-widget-container\">\n\t\t\t<h2 class=\"elementor-heading-title elementor-size-default\">YOGA Y MASAJES<\/h2>\t\t<\/div>\n\t\t\t\t<\/div>\n\t\t\t\t<div class=\"elementor-element elementor-element-6ac827d elementor-widget elementor-widget-text-editor\" data-id=\"6ac827d\" data-element_type=\"widget\" data-widget_type=\"text-editor.default\">\n\t\t\t\t<div class=\"elementor-widget-container\">\n\t\t\t\t\t\t\t<p>Pronto encontrar\u00e1s sesiones de yoga y cuidados a medida en nuestra zona de bienestar &#8230;<\/p>\t\t\t\t\t\t<\/div>\n\t\t\t\t<\/div>\n\t\t\t\t<div class=\"elementor-element elementor-element-90c910b elementor-widget elementor-widget-alloggio_core_button\" data-id=\"90c910b\" data-element_type=\"widget\" data-widget_type=\"alloggio_core_button.default\">\n\t\t\t\t<div class=\"elementor-widget-container\">\n\t\t\t<a class=\"qodef-shortcode qodef-m  qodef-button qodef-layout--filled qodef-size--large qodef-html--link\" href=\"https:\/\/www.secure-hotel-booking.com\/smart\/Hotel-Elysee-Gare-de-Lyon\/2UD1\/fr\/\" target=\"_blank\" data-hover-color=\"#F7EFE6\" data-hover-background-color=\"#898F95\" style=\"color: #000000;background-color: #F7EFE6;border-color: #FFFFFF;font-weight: 600\">\n\t<span class=\"qodef-m-text\">Reservar mi sesi\u00f3n<\/span>\n\t<span class=\"qodef-m-background-holder\" style=\"background-color: #898F95\"><\/span>\n<\/a>\t\t<\/div>\n\t\t\t\t<\/div>\n\t\t\t\t<div class=\"elementor-element elementor-element-1e4f9b0 elementor-widget elementor-widget-alloggio_core_button\" data-id=\"1e4f9b0\" data-element_type=\"widget\" data-widget_type=\"alloggio_core_button.default\">\n\t\t\t\t<div class=\"elementor-widget-container\">\n\t\t\t<a class=\"qodef-shortcode qodef-m  qodef-button qodef-layout--filled qodef-size--large qodef-html--link\" href=\"https:\/\/www.secure-hotel-booking.com\/smart\/Hotel-Elysee-Gare-de-Lyon\/2UD1\/fr\/\" target=\"_blank\" data-hover-color=\"#F7EFE6\" data-hover-background-color=\"#898F95\" style=\"color: #000000;background-color: #F7EFE6;border-color: #FFFFFF;font-weight: 600\">\n\t<span class=\"qodef-m-text\">Carta de cuidados bajo pedido<\/span>\n\t<span class=\"qodef-m-background-holder\" style=\"background-color: #898F95\"><\/span>\n<\/a>\t\t<\/div>\n\t\t\t\t<\/div>\n\t\t\t\t\t<\/div>\n\t\t<\/div>\n\t\t\t\t<div class=\"elementor-column elementor-col-33 elementor-top-column elementor-element elementor-element-611c93d\" data-id=\"611c93d\" data-element_type=\"column\">\n\t\t\t<div class=\"elementor-widget-wrap elementor-element-populated\">\n\t\t\t\t\t\t<div class=\"elementor-element elementor-element-16f338d elementor-widget elementor-widget-image\" data-id=\"16f338d\" data-element_type=\"widget\" data-widget_type=\"image.default\">\n\t\t\t\t<div class=\"elementor-widget-container\">\n\t\t\t\t\t\t\t\t\t\t\t\t\t<img src=\"https:\/\/www.hotelsleepingbelle.com\/wp-content\/uploads\/elementor\/thumbs\/hotel-elysee-gare-de-lyon0000-q5ajgsb9zrbktvw5x7dq2ys1ocxqrmc7x2t1fj5ak0.jpg\" title=\"hotel-elysee-gare-de-lyon0000\" alt=\"hotel-elysee-gare-de-lyon0000\" loading=\"lazy\" \/>\t\t\t\t\t\t\t\t\t\t\t\t\t<\/div>\n\t\t\t\t<\/div>\n\t\t\t\t\t<\/div>\n\t\t<\/div>\n\t\t\t\t\t<\/div>\n\t\t<\/section>\n\t\t\t\t<\/div>\n\t\t","protected":false},"excerpt":{"rendered":"<p>\u00c1REA DE BIENESTAR JACUZZI Escala de relajaci\u00f3n en Sleeping Belle: reg\u00e1lese un momento dedicado al bienestar del cuerpo y de la mente en nuestra zona de Spa. El \u00e1rea de Spa y bienestar, en un entorno totalmente nuevo que le permite hacer una verdadera pausa para alegrar su vida diaria y dejar espacio a la [&hellip;]<\/p>\n","protected":false},"author":1,"featured_media":0,"parent":0,"menu_order":5,"comment_status":"closed","ping_status":"closed","template":"","meta":[],"yoast_head":"<!-- This site is optimized with the Yoast SEO plugin v19.10 - https:\/\/yoast.com\/wordpress\/plugins\/seo\/ -->\n<title>BIENESTAR Y JACUZZI - H\u00f4tel Sleeping Belle 4*<\/title>\n<meta name=\"robots\" content=\"index, follow, max-snippet:-1, max-image-preview:large, max-video-preview:-1\" \/>\n<link rel=\"canonical\" href=\"https:\/\/www.hotelsleepingbelle.com\/es\/bienestar-y-jacuzzi\/\" \/>\n<meta property=\"og:locale\" content=\"es_ES\" \/>\n<meta property=\"og:type\" content=\"article\" \/>\n<meta property=\"og:title\" content=\"BIENESTAR Y JACUZZI - H\u00f4tel Sleeping Belle 4*\" \/>\n<meta property=\"og:description\" content=\"\u00c1REA DE BIENESTAR JACUZZI Escala de relajaci\u00f3n en Sleeping Belle: reg\u00e1lese un momento dedicado al bienestar del cuerpo y de la mente en nuestra zona de Spa. El \u00e1rea de Spa y bienestar, en un entorno totalmente nuevo que le permite hacer una verdadera pausa para alegrar su vida diaria y dejar espacio a la [&hellip;]\" \/>\n<meta property=\"og:url\" content=\"https:\/\/www.hotelsleepingbelle.com\/es\/bienestar-y-jacuzzi\/\" \/>\n<meta property=\"og:site_name\" content=\"H\u00f4tel Sleeping Belle 4*\" \/>\n<meta property=\"article:modified_time\" content=\"2022-11-17T10:58:18+00:00\" \/>\n<meta property=\"og:image\" content=\"https:\/\/www.hotelsleepingbelle.com\/wp-content\/uploads\/elementor\/thumbs\/hotel-elysee-gare-de-lyon0001-pl67xb2uwh4fq4b7d1nfi21kkbrh902tn1h0ydvgtm.jpg\" \/>\n<meta name=\"twitter:card\" content=\"summary_large_image\" \/>\n<meta name=\"twitter:label1\" content=\"Tiempo de lectura\" \/>\n\t<meta name=\"twitter:data1\" content=\"1 minuto\" \/>\n<script type=\"application\/ld+json\" class=\"yoast-schema-graph\">{\"@context\":\"https:\/\/schema.org\",\"@graph\":[{\"@type\":\"WebPage\",\"@id\":\"https:\/\/www.hotelsleepingbelle.com\/es\/bienestar-y-jacuzzi\/\",\"url\":\"https:\/\/www.hotelsleepingbelle.com\/es\/bienestar-y-jacuzzi\/\",\"name\":\"BIENESTAR Y JACUZZI - H\u00f4tel Sleeping Belle 4*\",\"isPartOf\":{\"@id\":\"https:\/\/www.hotelsleepingbelle.com\/es\/#website\"},\"datePublished\":\"2022-02-16T09:44:27+00:00\",\"dateModified\":\"2022-11-17T10:58:18+00:00\",\"breadcrumb\":{\"@id\":\"https:\/\/www.hotelsleepingbelle.com\/es\/bienestar-y-jacuzzi\/#breadcrumb\"},\"inLanguage\":\"es\",\"potentialAction\":[{\"@type\":\"ReadAction\",\"target\":[\"https:\/\/www.hotelsleepingbelle.com\/es\/bienestar-y-jacuzzi\/\"]}]},{\"@type\":\"BreadcrumbList\",\"@id\":\"https:\/\/www.hotelsleepingbelle.com\/es\/bienestar-y-jacuzzi\/#breadcrumb\",\"itemListElement\":[{\"@type\":\"ListItem\",\"position\":1,\"name\":\"Accueil\",\"item\":\"https:\/\/www.hotelsleepingbelle.com\/es\/\"},{\"@type\":\"ListItem\",\"position\":2,\"name\":\"BIENESTAR Y JACUZZI\"}]},{\"@type\":\"WebSite\",\"@id\":\"https:\/\/www.hotelsleepingbelle.com\/es\/#website\",\"url\":\"https:\/\/www.hotelsleepingbelle.com\/es\/\",\"name\":\"H\u00f4tel Sleeping Belle 4*\",\"description\":\"\",\"potentialAction\":[{\"@type\":\"SearchAction\",\"target\":{\"@type\":\"EntryPoint\",\"urlTemplate\":\"https:\/\/www.hotelsleepingbelle.com\/es\/?s={search_term_string}\"},\"query-input\":\"required name=search_term_string\"}],\"inLanguage\":\"es\"}]}<\/script>\n<!-- \/ Yoast SEO plugin. -->","yoast_head_json":{"title":"BIENESTAR Y JACUZZI - H\u00f4tel Sleeping Belle 4*","robots":{"index":"index","follow":"follow","max-snippet":"max-snippet:-1","max-image-preview":"max-image-preview:large","max-video-preview":"max-video-preview:-1"},"canonical":"https:\/\/www.hotelsleepingbelle.com\/es\/bienestar-y-jacuzzi\/","og_locale":"es_ES","og_type":"article","og_title":"BIENESTAR Y JACUZZI - H\u00f4tel Sleeping Belle 4*","og_description":"\u00c1REA DE BIENESTAR JACUZZI Escala de relajaci\u00f3n en Sleeping Belle: reg\u00e1lese un momento dedicado al bienestar del cuerpo y de la mente en nuestra zona de Spa. El \u00e1rea de Spa y bienestar, en un entorno totalmente nuevo que le permite hacer una verdadera pausa para alegrar su vida diaria y dejar espacio a la [&hellip;]","og_url":"https:\/\/www.hotelsleepingbelle.com\/es\/bienestar-y-jacuzzi\/","og_site_name":"H\u00f4tel Sleeping Belle 4*","article_modified_time":"2022-11-17T10:58:18+00:00","og_image":[{"url":"https:\/\/www.hotelsleepingbelle.com\/wp-content\/uploads\/elementor\/thumbs\/hotel-elysee-gare-de-lyon0001-pl67xb2uwh4fq4b7d1nfi21kkbrh902tn1h0ydvgtm.jpg"}],"twitter_card":"summary_large_image","twitter_misc":{"Tiempo de lectura":"1 minuto"},"schema":{"@context":"https:\/\/schema.org","@graph":[{"@type":"WebPage","@id":"https:\/\/www.hotelsleepingbelle.com\/es\/bienestar-y-jacuzzi\/","url":"https:\/\/www.hotelsleepingbelle.com\/es\/bienestar-y-jacuzzi\/","name":"BIENESTAR Y JACUZZI - H\u00f4tel Sleeping Belle 4*","isPartOf":{"@id":"https:\/\/www.hotelsleepingbelle.com\/es\/#website"},"datePublished":"2022-02-16T09:44:27+00:00","dateModified":"2022-11-17T10:58:18+00:00","breadcrumb":{"@id":"https:\/\/www.hotelsleepingbelle.com\/es\/bienestar-y-jacuzzi\/#breadcrumb"},"inLanguage":"es","potentialAction":[{"@type":"ReadAction","target":["https:\/\/www.hotelsleepingbelle.com\/es\/bienestar-y-jacuzzi\/"]}]},{"@type":"BreadcrumbList","@id":"https:\/\/www.hotelsleepingbelle.com\/es\/bienestar-y-jacuzzi\/#breadcrumb","itemListElement":[{"@type":"ListItem","position":1,"name":"Accueil","item":"https:\/\/www.hotelsleepingbelle.com\/es\/"},{"@type":"ListItem","position":2,"name":"BIENESTAR Y JACUZZI"}]},{"@type":"WebSite","@id":"https:\/\/www.hotelsleepingbelle.com\/es\/#website","url":"https:\/\/www.hotelsleepingbelle.com\/es\/","name":"H\u00f4tel Sleeping Belle 4*","description":"","potentialAction":[{"@type":"SearchAction","target":{"@type":"EntryPoint","urlTemplate":"https:\/\/www.hotelsleepingbelle.com\/es\/?s={search_term_string}"},"query-input":"required name=search_term_string"}],"inLanguage":"es"}]}},"_links":{"self":[{"href":"https:\/\/www.hotelsleepingbelle.com\/es\/wp-json\/wp\/v2\/pages\/13769"}],"collection":[{"href":"https:\/\/www.hotelsleepingbelle.com\/es\/wp-json\/wp\/v2\/pages"}],"about":[{"href":"https:\/\/www.hotelsleepingbelle.com\/es\/wp-json\/wp\/v2\/types\/page"}],"author":[{"embeddable":true,"href":"https:\/\/www.hotelsleepingbelle.com\/es\/wp-json\/wp\/v2\/users\/1"}],"replies":[{"embeddable":true,"href":"https:\/\/www.hotelsleepingbelle.com\/es\/wp-json\/wp\/v2\/comments?post=13769"}],"version-history":[{"count":21,"href":"https:\/\/www.hotelsleepingbelle.com\/es\/wp-json\/wp\/v2\/pages\/13769\/revisions"}],"predecessor-version":[{"id":17388,"href":"https:\/\/www.hotelsleepingbelle.com\/es\/wp-json\/wp\/v2\/pages\/13769\/revisions\/17388"}],"wp:attachment":[{"href":"https:\/\/www.hotelsleepingbelle.com\/es\/wp-json\/wp\/v2\/media?parent=13769"}],"curies":[{"name":"wp","href":"https:\/\/api.w.org\/{rel}","templated":true}]}}